{"id":393,"date":"2020-06-03T23:26:40","date_gmt":"2020-06-03T21:26:40","guid":{"rendered":"https:\/\/www.belezza.fr\/?page_id=393"},"modified":"2024-04-04T23:13:28","modified_gmt":"2024-04-04T21:13:28","slug":"elementor-393","status":"publish","type":"page","link":"https:\/\/www.belezza.fr\/","title":{"rendered":"Belezza &#8211; Salon &#038; Spa &#8211; Bonifacio"},"content":{"rendered":"\t\t<div data-elementor-type=\"wp-page\" data-elementor-id=\"393\" class=\"elementor elementor-393\" data-elementor-settings=\"[]\">\n\t\t\t\t\t\t<div class=\"elementor-inner\">\n\t\t\t\t\t\t\t<div class=\"elementor-section-wrap\">\n\t\t\t\t\t\t\t<section class=\"elementor-section elementor-top-section elementor-element elementor-element-b1d09ef elementor-section-full_width elementor-section-height-full elementor-section-items-stretch elementor-section-height-default\" data-id=\"b1d09ef\" data-element_type=\"section\" data-settings=\"{&quot;background_background&quot;:&quot;classic&quot;}\">\n\t\t\t\t\t\t<div class=\"elementor-container elementor-column-gap-no\">\n\t\t\t\t\t\t\t<div class=\"elementor-row\">\n\t\t\t\t\t<div class=\"elementor-column elementor-col-50 elementor-top-column elementor-element elementor-element-4219f363 elementor-invisible\" data-id=\"4219f363\" data-element_type=\"column\" data-settings=\"{&quot;background_background&quot;:&quot;classic&quot;,&quot;animation&quot;:&quot;rotateInDownLeft&quot;,&quot;animation_mobile&quot;:&quot;zoomInDown&quot;}\">\n\t\t\t<div class=\"elementor-column-wrap elementor-element-populated\">\n\t\t\t\t\t<div class=\"elementor-background-overlay\"><\/div>\n\t\t\t\t\t\t\t<div class=\"elementor-widget-wrap\">\n\t\t\t\t\t\t<section class=\"elementor-section elementor-inner-section elementor-element elementor-element-13432f9 elementor-section-full_width elementor-section-height-default elementor-section-height-default\" data-id=\"13432f9\" data-element_type=\"section\">\n\t\t\t\t\t\t<div class=\"elementor-container elementor-column-gap-no\">\n\t\t\t\t\t\t\t<div class=\"elementor-row\">\n\t\t\t\t\t<div class=\"elementor-column elementor-col-100 elementor-inner-column elementor-element elementor-element-f9f0fda\" data-id=\"f9f0fda\" data-element_type=\"column\">\n\t\t\t<div class=\"elementor-column-wrap elementor-element-populated\">\n\t\t\t\t\t\t\t<div class=\"elementor-widget-wrap\">\n\t\t\t\t\t\t<div class=\"elementor-element elementor-element-d08f2ea elementor-widget elementor-widget-image\" data-id=\"d08f2ea\" data-element_type=\"widget\" data-widget_type=\"image.default\">\n\t\t\t\t<div class=\"elementor-widget-container\">\n\t\t\t\t\t<div class=\"elementor-image\">\n\t\t\t\t\t\t\t\t\t\t<img width=\"270\" height=\"40\" src=\"https:\/\/www.belezza.fr\/app\/uploads\/2020\/06\/belezza-logo-black.png\" class=\"attachment-full size-full\" alt=\"\" loading=\"lazy\" \/>\t\t\t\t\t\t\t\t\t\t\t<\/div>\n\t\t\t\t<\/div>\n\t\t\t\t<\/div>\n\t\t\t\t<div class=\"elementor-element elementor-element-3cfda3b7 elementor-widget elementor-widget-heading\" data-id=\"3cfda3b7\" data-element_type=\"widget\" data-widget_type=\"heading.default\">\n\t\t\t\t<div class=\"elementor-widget-container\">\n\t\t\t<h2 class=\"elementor-heading-title elementor-size-default\">Coiffure ET SPA DES CHEVEUX<\/h2>\t\t<\/div>\n\t\t\t\t<\/div>\n\t\t\t\t<div class=\"elementor-element elementor-element-249e8a84 elementor-widget elementor-widget-heading\" data-id=\"249e8a84\" data-element_type=\"widget\" data-widget_type=\"heading.default\">\n\t\t\t\t<div class=\"elementor-widget-container\">\n\t\t\t<h2 class=\"elementor-heading-title elementor-size-default\">Hairdressing &amp; HEAD SPA<\/h2>\t\t<\/div>\n\t\t\t\t<\/div>\n\t\t\t\t<div class=\"elementor-element elementor-element-213c86f7 elementor-align-center elementor-widget elementor-widget-button\" data-id=\"213c86f7\" data-element_type=\"widget\" data-widget_type=\"button.default\">\n\t\t\t\t<div class=\"elementor-widget-container\">\n\t\t\t\t\t<div class=\"elementor-button-wrapper\">\n\t\t\t<a href=\"\/fr\/\" class=\"elementor-button-link elementor-button elementor-size-lg\" role=\"button\">\n\t\t\t\t\t\t<span class=\"elementor-button-content-wrapper\">\n\t\t\t\t\t\t<span class=\"elementor-button-text\">Entrer<\/span>\n\t\t<\/span>\n\t\t\t\t\t<\/a>\n\t\t<\/div>\n\t\t\t\t<\/div>\n\t\t\t\t<\/div>\n\t\t\t\t<div class=\"elementor-element elementor-element-d32b305 elementor-align-center elementor-widget elementor-widget-button\" data-id=\"d32b305\" data-element_type=\"widget\" data-widget_type=\"button.default\">\n\t\t\t\t<div class=\"elementor-widget-container\">\n\t\t\t\t\t<div class=\"elementor-button-wrapper\">\n\t\t\t<a href=\"\/en\/\" class=\"elementor-button-link elementor-button elementor-size-xs\" role=\"button\">\n\t\t\t\t\t\t<span class=\"elementor-button-content-wrapper\">\n\t\t\t\t\t\t<span class=\"elementor-button-text\">Speaking English ? Click here !<\/span>\n\t\t<\/span>\n\t\t\t\t\t<\/a>\n\t\t<\/div>\n\t\t\t\t<\/div>\n\t\t\t\t<\/div>\n\t\t\t\t\t\t<\/div>\n\t\t\t\t\t<\/div>\n\t\t<\/div>\n\t\t\t\t\t\t\t\t<\/div>\n\t\t\t\t\t<\/div>\n\t\t<\/section>\n\t\t\t\t<div class=\"elementor-element elementor-element-2487c5e2 elementor-widget elementor-widget-text-editor\" data-id=\"2487c5e2\" data-element_type=\"widget\" data-widget_type=\"text-editor.default\">\n\t\t\t\t<div class=\"elementor-widget-container\">\n\t\t\t\t\t<div class=\"elementor-text-editor elementor-clearfix\"><p><a href=\"https:\/\/g.page\/BelezzaBonifacio?share\" target=\"_blank\" rel=\"noopener\">Les Palmiers<br \/>Port de Plaisance<br \/>20169 BONIFACIO<\/a><br \/>9h-20h | <a href=\"tel:\/\/+33495731109\">04.95.73.11.09<\/a><\/p><\/div>\n\t\t\t\t<\/div>\n\t\t\t\t<\/div>\n\t\t\t\t\t\t<\/div>\n\t\t\t\t\t<\/div>\n\t\t<\/div>\n\t\t\t\t<div class=\"elementor-column elementor-col-50 elementor-top-column elementor-element elementor-element-27ae219d elementor-invisible\" data-id=\"27ae219d\" data-element_type=\"column\" data-settings=\"{&quot;background_background&quot;:&quot;classic&quot;,&quot;animation&quot;:&quot;rotateInDownRight&quot;,&quot;animation_mobile&quot;:&quot;zoomInUp&quot;}\">\n\t\t\t<div class=\"elementor-column-wrap elementor-element-populated\">\n\t\t\t\t\t<div class=\"elementor-background-overlay\"><\/div>\n\t\t\t\t\t\t\t<div class=\"elementor-widget-wrap\">\n\t\t\t\t\t\t<section class=\"elementor-section elementor-inner-section elementor-element elementor-element-77e46f7 elementor-section-boxed elementor-section-height-default elementor-section-height-default\" data-id=\"77e46f7\" data-element_type=\"section\">\n\t\t\t\t\t\t<div class=\"elementor-container elementor-column-gap-default\">\n\t\t\t\t\t\t\t<div class=\"elementor-row\">\n\t\t\t\t\t<div class=\"elementor-column elementor-col-100 elementor-inner-column elementor-element elementor-element-04178f8\" data-id=\"04178f8\" data-element_type=\"column\">\n\t\t\t<div class=\"elementor-column-wrap elementor-element-populated\">\n\t\t\t\t\t\t\t<div class=\"elementor-widget-wrap\">\n\t\t\t\t\t\t<div class=\"elementor-element elementor-element-6b32f4bb elementor-widget elementor-widget-image\" data-id=\"6b32f4bb\" data-element_type=\"widget\" data-widget_type=\"image.default\">\n\t\t\t\t<div class=\"elementor-widget-container\">\n\t\t\t\t\t<div class=\"elementor-image\">\n\t\t\t\t\t\t\t\t\t\t<img width=\"303\" height=\"47\" src=\"https:\/\/www.belezza.fr\/app\/uploads\/2020\/05\/belezza-casa-logo.png\" class=\"attachment-large size-large\" alt=\"\" loading=\"lazy\" srcset=\"https:\/\/www.belezza.fr\/app\/uploads\/2020\/05\/belezza-casa-logo.png 303w, https:\/\/www.belezza.fr\/app\/uploads\/2020\/05\/belezza-casa-logo-300x47.png 300w\" sizes=\"(max-width: 303px) 100vw, 303px\" \/>\t\t\t\t\t\t\t\t\t\t\t<\/div>\n\t\t\t\t<\/div>\n\t\t\t\t<\/div>\n\t\t\t\t<div class=\"elementor-element elementor-element-2998b814 elementor-widget elementor-widget-heading\" data-id=\"2998b814\" data-element_type=\"widget\" data-widget_type=\"heading.default\">\n\t\t\t\t<div class=\"elementor-widget-container\">\n\t\t\t<h2 class=\"elementor-heading-title elementor-size-default\">Coiffure ET MAQUILLAGE \u00c9V\u00c9NEMENTIEL<\/h2>\t\t<\/div>\n\t\t\t\t<\/div>\n\t\t\t\t<div class=\"elementor-element elementor-element-22f78a8e elementor-widget elementor-widget-heading\" data-id=\"22f78a8e\" data-element_type=\"widget\" data-widget_type=\"heading.default\">\n\t\t\t\t<div class=\"elementor-widget-container\">\n\t\t\t<h2 class=\"elementor-heading-title elementor-size-default\">Hair dESIGN &amp; MAKE-UP FOR EVENTS<\/h2>\t\t<\/div>\n\t\t\t\t<\/div>\n\t\t\t\t<div class=\"elementor-element elementor-element-4331ca5 elementor-align-center elementor-widget elementor-widget-button\" data-id=\"4331ca5\" data-element_type=\"widget\" data-widget_type=\"button.default\">\n\t\t\t\t<div class=\"elementor-widget-container\">\n\t\t\t\t\t<div class=\"elementor-button-wrapper\">\n\t\t\t<a href=\"\/fr\/casa\/\" class=\"elementor-button-link elementor-button elementor-size-lg\" role=\"button\">\n\t\t\t\t\t\t<span class=\"elementor-button-content-wrapper\">\n\t\t\t\t\t\t<span class=\"elementor-button-text\">Entrer<\/span>\n\t\t<\/span>\n\t\t\t\t\t<\/a>\n\t\t<\/div>\n\t\t\t\t<\/div>\n\t\t\t\t<\/div>\n\t\t\t\t<div class=\"elementor-element elementor-element-439da99 elementor-align-center elementor-widget elementor-widget-button\" data-id=\"439da99\" data-element_type=\"widget\" data-widget_type=\"button.default\">\n\t\t\t\t<div class=\"elementor-widget-container\">\n\t\t\t\t\t<div class=\"elementor-button-wrapper\">\n\t\t\t<a href=\"\/en\/casa\/\" class=\"elementor-button-link elementor-button elementor-size-xs\" role=\"button\">\n\t\t\t\t\t\t<span class=\"elementor-button-content-wrapper\">\n\t\t\t\t\t\t<span class=\"elementor-button-text\">Speaking English ? Click here !<\/span>\n\t\t<\/span>\n\t\t\t\t\t<\/a>\n\t\t<\/div>\n\t\t\t\t<\/div>\n\t\t\t\t<\/div>\n\t\t\t\t\t\t<\/div>\n\t\t\t\t\t<\/div>\n\t\t<\/div>\n\t\t\t\t\t\t\t\t<\/div>\n\t\t\t\t\t<\/div>\n\t\t<\/section>\n\t\t\t\t<div class=\"elementor-element elementor-element-0168f65 elementor-hidden-phone elementor-widget elementor-widget-spacer\" data-id=\"0168f65\" data-element_type=\"widget\" data-widget_type=\"spacer.default\">\n\t\t\t\t<div class=\"elementor-widget-container\">\n\t\t\t\t\t<div class=\"elementor-spacer\">\n\t\t\t<div class=\"elementor-spacer-inner\"><\/div>\n\t\t<\/div>\n\t\t\t\t<\/div>\n\t\t\t\t<\/div>\n\t\t\t\t\t\t<\/div>\n\t\t\t\t\t<\/div>\n\t\t<\/div>\n\t\t\t\t\t\t\t\t<\/div>\n\t\t\t\t\t<\/div>\n\t\t<\/section>\n\t\t\t\t\t\t<\/div>\n\t\t\t\t\t\t<\/div>\n\t\t\t\t\t<\/div>\n\t\t","protected":false},"excerpt":{"rendered":"<p>Coiffure ET SPA DES CHEVEUX Hairdressing &amp; HEAD SPA Entrer Speaking English ? Click here ! Les PalmiersPort de Plaisance20169 BONIFACIO9h-20h | 04.95.73.11.09 Coiffure ET MAQUILLAGE \u00c9V\u00c9NEMENTIEL Hair dESIGN &amp; MAKE-UP FOR EVENTS Entrer Speaking English ? Click here !<\/p>\n","protected":false},"author":2,"featured_media":0,"parent":0,"menu_order":0,"comment_status":"closed","ping_status":"closed","template":"","meta":[],"yoast_head":"<!-- This site is optimized with the Yoast SEO plugin v16.0.2 - https:\/\/yoast.com\/wordpress\/plugins\/seo\/ -->\n<title>Belezza - Salon &amp; Spa - Bonifacio - Bonifacio | BELEZZA<\/title>\n<meta name=\"description\" content=\"Salon de coiffure hommes et femmes, spa sur le port de plaisance de Bonifacio. D\u00e9couvrez \u00e9galement notre coiffure \u00e0 domicile.\" \/>\n<link rel=\"canonical\" href=\"https:\/\/www.belezza.fr\/fr\/\" \/>\n<meta property=\"og:locale\" content=\"fr_FR\" \/>\n<meta property=\"og:type\" content=\"article\" \/>\n<meta property=\"og:title\" content=\"Belezza Salon &amp; SPA \u00e0 Bonifacio.\" \/>\n<meta property=\"og:description\" content=\"Salon de coiffure hommes et femmes, spa sur le port de plaisance de Bonifacio. D\u00e9couvrez \u00e9galement notre coiffure \u00e0 domicile.\" \/>\n<meta property=\"og:url\" content=\"https:\/\/www.belezza.fr\/\" \/>\n<meta property=\"og:site_name\" content=\"Bonifacio | BELEZZA\" \/>\n<meta property=\"article:publisher\" content=\"https:\/\/www.facebook.com\/BelezzaBonifacio\/\" \/>\n<meta property=\"article:modified_time\" content=\"2024-04-04T21:13:28+00:00\" \/>\n<meta property=\"og:image\" content=\"https:\/\/www.belezza.fr\/app\/uploads\/2020\/11\/ban02.jpg\" \/>\n\t<meta property=\"og:image:width\" content=\"1980\" \/>\n\t<meta property=\"og:image:height\" content=\"753\" \/>\n<meta name=\"twitter:card\" content=\"summary_large_image\" \/>\n<meta name=\"twitter:label1\" content=\"Dur\u00e9e de lecture est.\">\n\t<meta name=\"twitter:data1\" content=\"1 minute\">\n<script type=\"application\/ld+json\" class=\"yoast-schema-graph\">{\"@context\":\"https:\/\/schema.org\",\"@graph\":[{\"@type\":\"WebSite\",\"@id\":\"http:\/\/localhost\/#website\",\"url\":\"http:\/\/localhost\/\",\"name\":\"Bonifacio | BELEZZA\",\"description\":\"Belezza, coiffure \\u00e0 domicile,Salon de coiffure, spa et institut de beaut\\u00e9 situ\\u00e9s \\u00e0 Bonifacio, Corse\",\"potentialAction\":[{\"@type\":\"SearchAction\",\"target\":\"http:\/\/localhost\/?s={search_term_string}\",\"query-input\":\"required name=search_term_string\"}],\"inLanguage\":\"fr-FR\"},{\"@type\":\"ImageObject\",\"@id\":\"https:\/\/www.belezza.fr\/#primaryimage\",\"inLanguage\":\"fr-FR\",\"url\":\"https:\/\/www.belezza.fr\/app\/uploads\/2020\/06\/belezza-logo-black.png?_t=1712265208\"},{\"@type\":\"WebPage\",\"@id\":\"https:\/\/www.belezza.fr\/#webpage\",\"url\":\"https:\/\/www.belezza.fr\/\",\"name\":\"Belezza - Salon & Spa - Bonifacio - Bonifacio | BELEZZA\",\"isPartOf\":{\"@id\":\"http:\/\/localhost\/#website\"},\"primaryImageOfPage\":{\"@id\":\"https:\/\/www.belezza.fr\/#primaryimage\"},\"datePublished\":\"2020-06-03T21:26:40+00:00\",\"dateModified\":\"2024-04-04T21:13:28+00:00\",\"description\":\"Salon de coiffure hommes et femmes, spa sur le port de plaisance de Bonifacio. D\\u00e9couvrez \\u00e9galement notre coiffure \\u00e0 domicile.\",\"breadcrumb\":{\"@id\":\"https:\/\/www.belezza.fr\/#breadcrumb\"},\"inLanguage\":\"fr-FR\",\"potentialAction\":[{\"@type\":\"ReadAction\",\"target\":[\"https:\/\/www.belezza.fr\/\"]}]},{\"@type\":\"BreadcrumbList\",\"@id\":\"https:\/\/www.belezza.fr\/#breadcrumb\",\"itemListElement\":[{\"@type\":\"ListItem\",\"position\":1,\"item\":{\"@type\":\"WebPage\",\"@id\":\"https:\/\/www.belezza.fr\/fr\/\",\"url\":\"https:\/\/www.belezza.fr\/fr\/\",\"name\":\"Home\"}},{\"@type\":\"ListItem\",\"position\":2,\"item\":{\"@type\":\"WebPage\",\"@id\":\"https:\/\/www.belezza.fr\/fr\/\",\"url\":\"https:\/\/www.belezza.fr\/fr\/\",\"name\":\"Belezza &#8211; Salon &#038; Spa &#8211; Bonifacio\"}}]}]}<\/script>\n<!-- \/ Yoast SEO plugin. -->","_links":{"self":[{"href":"https:\/\/www.belezza.fr\/fr\/wp-json\/wp\/v2\/pages\/393"}],"collection":[{"href":"https:\/\/www.belezza.fr\/fr\/wp-json\/wp\/v2\/pages"}],"about":[{"href":"https:\/\/www.belezza.fr\/fr\/wp-json\/wp\/v2\/types\/page"}],"author":[{"embeddable":true,"href":"https:\/\/www.belezza.fr\/fr\/wp-json\/wp\/v2\/users\/2"}],"replies":[{"embeddable":true,"href":"https:\/\/www.belezza.fr\/fr\/wp-json\/wp\/v2\/comments?post=393"}],"version-history":[{"count":11,"href":"https:\/\/www.belezza.fr\/fr\/wp-json\/wp\/v2\/pages\/393\/revisions"}],"predecessor-version":[{"id":1756,"href":"https:\/\/www.belezza.fr\/fr\/wp-json\/wp\/v2\/pages\/393\/revisions\/1756"}],"wp:attachment":[{"href":"https:\/\/www.belezza.fr\/fr\/wp-json\/wp\/v2\/media?parent=393"}],"curies":[{"name":"wp","href":"https:\/\/api.w.org\/{rel}","templated":true}]}}