{"id":36,"date":"2020-05-24T23:56:22","date_gmt":"2020-05-24T21:56:22","guid":{"rendered":"https:\/\/www.belezza.fr\/?page_id=36"},"modified":"2020-06-09T23:39:29","modified_gmt":"2020-06-09T21:39:29","slug":"politique-de-confidentialite","status":"publish","type":"page","link":"https:\/\/www.belezza.fr\/fr\/politique-de-confidentialite\/","title":{"rendered":"Politique de confidentialit\u00e9"},"content":{"rendered":"\t\t<div data-elementor-type=\"wp-page\" data-elementor-id=\"36\" class=\"elementor elementor-36\" data-elementor-settings=\"[]\">\n\t\t\t\t\t\t<div class=\"elementor-inner\">\n\t\t\t\t\t\t\t<div class=\"elementor-section-wrap\">\n\t\t\t\t\t\t\t<section class=\"elementor-section elementor-top-section elementor-element elementor-element-7c017d2a elementor-section-boxed elementor-section-height-default elementor-section-height-default\" data-id=\"7c017d2a\" data-element_type=\"section\">\n\t\t\t\t\t\t<div class=\"elementor-container elementor-column-gap-default\">\n\t\t\t\t\t\t\t<div class=\"elementor-row\">\n\t\t\t\t\t<div class=\"elementor-column elementor-col-100 elementor-top-column elementor-element elementor-element-448722fd\" data-id=\"448722fd\" data-element_type=\"column\">\n\t\t\t<div class=\"elementor-column-wrap elementor-element-populated\">\n\t\t\t\t\t\t\t<div class=\"elementor-widget-wrap\">\n\t\t\t\t\t\t<div class=\"elementor-element elementor-element-7a6d5d07 elementor-widget elementor-widget-heading\" data-id=\"7a6d5d07\" data-element_type=\"widget\" data-widget_type=\"heading.default\">\n\t\t\t\t<div class=\"elementor-widget-container\">\n\t\t\t<h2 class=\"elementor-heading-title elementor-size-default\">Qui sommes nous ?<\/h2>\t\t<\/div>\n\t\t\t\t<\/div>\n\t\t\t\t<section class=\"elementor-section elementor-inner-section elementor-element elementor-element-743ef93a elementor-section-boxed elementor-section-height-default elementor-section-height-default\" data-id=\"743ef93a\" data-element_type=\"section\">\n\t\t\t\t\t\t<div class=\"elementor-container elementor-column-gap-default\">\n\t\t\t\t\t\t\t<div class=\"elementor-row\">\n\t\t\t\t\t<div class=\"elementor-column elementor-col-100 elementor-inner-column elementor-element elementor-element-64f811a\" data-id=\"64f811a\" data-element_type=\"column\">\n\t\t\t<div class=\"elementor-column-wrap elementor-element-populated\">\n\t\t\t\t\t\t\t<div class=\"elementor-widget-wrap\">\n\t\t\t\t\t\t<div class=\"elementor-element elementor-element-272d680a elementor-widget elementor-widget-text-editor\" data-id=\"272d680a\" data-element_type=\"widget\" data-widget_type=\"text-editor.default\">\n\t\t\t\t<div class=\"elementor-widget-container\">\n\t\t\t\t\t<div class=\"elementor-text-editor elementor-clearfix\"><p>Belezza est consciente de l&rsquo;importance que repr\u00e9sente le respect de la confidentialit\u00e9 \u00e0 vos yeux.<\/p><p>C&rsquo;est pourquoi, nous souhaitons \u00eatre\u00a0<strong>les plus transparents concernant nos modalit\u00e9s de collecte, d&rsquo;utilisation et de stockage de vos informations personnelles<\/strong>.<\/p><p>L\u2019adresse de notre site Web est la suivante : <a href=\"https:\/\/www.belezza.fr\">https:\/\/www.belezza.fr<\/a><\/p><\/div>\n\t\t\t\t<\/div>\n\t\t\t\t<\/div>\n\t\t\t\t\t\t<\/div>\n\t\t\t\t\t<\/div>\n\t\t<\/div>\n\t\t\t\t\t\t\t\t<\/div>\n\t\t\t\t\t<\/div>\n\t\t<\/section>\n\t\t\t\t\t\t<\/div>\n\t\t\t\t\t<\/div>\n\t\t<\/div>\n\t\t\t\t\t\t\t\t<\/div>\n\t\t\t\t\t<\/div>\n\t\t<\/section>\n\t\t\t\t<section class=\"elementor-section elementor-top-section elementor-element elementor-element-32687270 elementor-section-boxed elementor-section-height-default elementor-section-height-default\" data-id=\"32687270\" data-element_type=\"section\">\n\t\t\t\t\t\t<div class=\"elementor-container elementor-column-gap-default\">\n\t\t\t\t\t\t\t<div class=\"elementor-row\">\n\t\t\t\t\t<div class=\"elementor-column elementor-col-100 elementor-top-column elementor-element elementor-element-7953f82c\" data-id=\"7953f82c\" data-element_type=\"column\">\n\t\t\t<div class=\"elementor-column-wrap elementor-element-populated\">\n\t\t\t\t\t\t\t<div class=\"elementor-widget-wrap\">\n\t\t\t\t\t\t<div class=\"elementor-element elementor-element-53bd493 elementor-widget elementor-widget-heading\" data-id=\"53bd493\" data-element_type=\"widget\" data-widget_type=\"heading.default\">\n\t\t\t\t<div class=\"elementor-widget-container\">\n\t\t\t<h2 class=\"elementor-heading-title elementor-size-default\">Quelles sont les donn\u00e9es collect\u00e9es ?<\/h2>\t\t<\/div>\n\t\t\t\t<\/div>\n\t\t\t\t<section class=\"elementor-section elementor-inner-section elementor-element elementor-element-5a272732 elementor-section-boxed elementor-section-height-default elementor-section-height-default\" data-id=\"5a272732\" data-element_type=\"section\">\n\t\t\t\t\t\t<div class=\"elementor-container elementor-column-gap-default\">\n\t\t\t\t\t\t\t<div class=\"elementor-row\">\n\t\t\t\t\t<div class=\"elementor-column elementor-col-100 elementor-inner-column elementor-element elementor-element-616d5de2\" data-id=\"616d5de2\" data-element_type=\"column\">\n\t\t\t<div class=\"elementor-column-wrap elementor-element-populated\">\n\t\t\t\t\t\t\t<div class=\"elementor-widget-wrap\">\n\t\t\t\t\t\t<div class=\"elementor-element elementor-element-37ecd864 elementor-widget elementor-widget-heading\" data-id=\"37ecd864\" data-element_type=\"widget\" data-widget_type=\"heading.default\">\n\t\t\t\t<div class=\"elementor-widget-container\">\n\t\t\t<h4 class=\"elementor-heading-title elementor-size-default\">Donn\u00e9es que vous fournissez<\/h4>\t\t<\/div>\n\t\t\t\t<\/div>\n\t\t\t\t<div class=\"elementor-element elementor-element-6af4c390 elementor-widget elementor-widget-text-editor\" data-id=\"6af4c390\" data-element_type=\"widget\" data-widget_type=\"text-editor.default\">\n\t\t\t\t<div class=\"elementor-widget-container\">\n\t\t\t\t\t<div class=\"elementor-text-editor elementor-clearfix\"><p><strong style=\"color: #1a1a1a; font-family: 'Open Sans', sans-serif; font-size: 14px; font-style: normal; font-variant-ligatures: normal; font-variant-caps: normal;\">Formulaire de contact<\/strong><span style=\"color: #1a1a1a; font-family: 'Open Sans', sans-serif; font-size: 14px; font-style: normal; font-variant-ligatures: normal; font-variant-caps: normal; font-weight: 400;\">\u00a0:\u00a0<\/span><span style=\"color: #1a1a1a; font-family: 'Open Sans', sans-serif; font-size: 14px; font-style: normal; font-variant-ligatures: normal; font-variant-caps: normal; font-weight: 400;\">lors du remplissage du formulaire de contact, sont collect\u00e9s votre nom, pr\u00e9nom, adresse \u00e9lectronique, num\u00e9ro de t\u00e9l\u00e9phone et message.<\/span><\/p><\/div>\n\t\t\t\t<\/div>\n\t\t\t\t<\/div>\n\t\t\t\t<div class=\"elementor-element elementor-element-62db32a8 elementor-widget elementor-widget-heading\" data-id=\"62db32a8\" data-element_type=\"widget\" data-widget_type=\"heading.default\">\n\t\t\t\t<div class=\"elementor-widget-container\">\n\t\t\t<h4 class=\"elementor-heading-title elementor-size-default\">Donn\u00e9es que nous recueillons<\/h4>\t\t<\/div>\n\t\t\t\t<\/div>\n\t\t\t\t<div class=\"elementor-element elementor-element-33fc0456 elementor-widget elementor-widget-text-editor\" data-id=\"33fc0456\" data-element_type=\"widget\" data-widget_type=\"text-editor.default\">\n\t\t\t\t<div class=\"elementor-widget-container\">\n\t\t\t\t\t<div class=\"elementor-text-editor elementor-clearfix\"><p><strong>Sur notre site web :<\/strong>\u00a0nous ne collecterons aucune donn\u00e9e personnelle vous concernant (par exemple votre nom, adresse, num\u00e9ro de t\u00e9l\u00e9phone ou adresse e-mail), \u00e0 moins que vous ne choisissiez volontairement de nous les communiquer (par exemple, par le biais de notre formulaire de contact), que vous ne donniez votre accord ou que la r\u00e9glementation applicable en mati\u00e8re de protection de donn\u00e9es personnelles ne nous y autorise.<\/p>\n<p>\u00a0<strong>Les cookies<\/strong>\u00a0: voir d\u00e9tails ci-dessous.<\/p><\/div>\n\t\t\t\t<\/div>\n\t\t\t\t<\/div>\n\t\t\t\t\t\t<\/div>\n\t\t\t\t\t<\/div>\n\t\t<\/div>\n\t\t\t\t\t\t\t\t<\/div>\n\t\t\t\t\t<\/div>\n\t\t<\/section>\n\t\t\t\t\t\t<\/div>\n\t\t\t\t\t<\/div>\n\t\t<\/div>\n\t\t\t\t\t\t\t\t<\/div>\n\t\t\t\t\t<\/div>\n\t\t<\/section>\n\t\t\t\t<section class=\"elementor-section elementor-top-section elementor-element elementor-element-43357036 elementor-section-boxed elementor-section-height-default elementor-section-height-default\" data-id=\"43357036\" data-element_type=\"section\">\n\t\t\t\t\t\t<div class=\"elementor-container elementor-column-gap-default\">\n\t\t\t\t\t\t\t<div class=\"elementor-row\">\n\t\t\t\t\t<div class=\"elementor-column elementor-col-100 elementor-top-column elementor-element elementor-element-1b7bc9e1\" data-id=\"1b7bc9e1\" data-element_type=\"column\">\n\t\t\t<div class=\"elementor-column-wrap elementor-element-populated\">\n\t\t\t\t\t\t\t<div class=\"elementor-widget-wrap\">\n\t\t\t\t\t\t<div class=\"elementor-element elementor-element-9f1d745 elementor-widget elementor-widget-heading\" data-id=\"9f1d745\" data-element_type=\"widget\" data-widget_type=\"heading.default\">\n\t\t\t\t<div class=\"elementor-widget-container\">\n\t\t\t<h2 class=\"elementor-heading-title elementor-size-default\">Les cookies<\/h2>\t\t<\/div>\n\t\t\t\t<\/div>\n\t\t\t\t<section class=\"elementor-section elementor-inner-section elementor-element elementor-element-521e2a15 elementor-section-boxed elementor-section-height-default elementor-section-height-default\" data-id=\"521e2a15\" data-element_type=\"section\">\n\t\t\t\t\t\t<div class=\"elementor-container elementor-column-gap-default\">\n\t\t\t\t\t\t\t<div class=\"elementor-row\">\n\t\t\t\t\t<div class=\"elementor-column elementor-col-100 elementor-inner-column elementor-element elementor-element-d3bb700\" data-id=\"d3bb700\" data-element_type=\"column\">\n\t\t\t<div class=\"elementor-column-wrap elementor-element-populated\">\n\t\t\t\t\t\t\t<div class=\"elementor-widget-wrap\">\n\t\t\t\t\t\t<div class=\"elementor-element elementor-element-110bc77b elementor-widget elementor-widget-text-editor\" data-id=\"110bc77b\" data-element_type=\"widget\" data-widget_type=\"text-editor.default\">\n\t\t\t\t<div class=\"elementor-widget-container\">\n\t\t\t\t\t<div class=\"elementor-text-editor elementor-clearfix\"><p class=\"default_text\">Cette rubrique \u00ab\u00a0COOKIES\u00a0\u00bb vous permet d\u2019en savoir plus sur l\u2019origine et l&rsquo;usage des informations de navigation trait\u00e9es \u00e0 l&rsquo;occasion de votre consultation de notre site et sur vos droits.<\/p>\n<p class=\"default_text\">Cette rubrique est donc importante pour vous qui souhaitez avoir une exp\u00e9rience positive et confiante de nos services et pour nous qui souhaitons r\u00e9pondre de mani\u00e8re pr\u00e9cise et compl\u00e8te \u00e0 vos questions.<\/p>\n<p class=\"default_text\">Ainsi, lors de la consultation de notre site, des informations relatives \u00e0 la navigation de votre terminal (ordinateur, tablette, smartphone, etc.) sur notre site sont susceptibles d&rsquo;\u00eatre enregistr\u00e9es dans des fichiers \u00ab\u00a0Cookies\u00a0\u00bb install\u00e9s sur votre terminal.\u00a0<\/p>\n<p class=\"default_text\">Sachez que seul l\u2019\u00e9metteur d&rsquo;un cookie est susceptible de lire ou de modifier des informations qui y sont contenues.<\/p><\/div>\n\t\t\t\t<\/div>\n\t\t\t\t<\/div>\n\t\t\t\t<div class=\"elementor-element elementor-element-24c70d44 elementor-widget elementor-widget-heading\" data-id=\"24c70d44\" data-element_type=\"widget\" data-widget_type=\"heading.default\">\n\t\t\t\t<div class=\"elementor-widget-container\">\n\t\t\t<h3 class=\"elementor-heading-title elementor-size-default\">Quels cookies \u00e9mettons-nous sur le site ?<\/h3>\t\t<\/div>\n\t\t\t\t<\/div>\n\t\t\t\t<div class=\"elementor-element elementor-element-6e6f4d7c elementor-widget elementor-widget-heading\" data-id=\"6e6f4d7c\" data-element_type=\"widget\" data-widget_type=\"heading.default\">\n\t\t\t\t<div class=\"elementor-widget-container\">\n\t\t\t<h4 class=\"elementor-heading-title elementor-size-default\">Statistiques et mesures d\u2019audience<\/h4>\t\t<\/div>\n\t\t\t\t<\/div>\n\t\t\t\t<div class=\"elementor-element elementor-element-11cabfc4 elementor-widget elementor-widget-text-editor\" data-id=\"11cabfc4\" data-element_type=\"widget\" data-widget_type=\"text-editor.default\">\n\t\t\t\t<div class=\"elementor-widget-container\">\n\t\t\t\t\t<div class=\"elementor-text-editor elementor-clearfix\"><p>Durant votre navigation sur notre site, nous pouvons \u00eatre amen\u00e9s (<em>sous r\u00e9serve de votre acceptation des cookies<\/em>) \u00e0 installer divers cookies sur votre terminal \u00e0 des fins de statistiques, analyses et mesures d\u2019audience.<\/p>\n<p>Opposition aux cookies Google Analytics\u00a0:\u00a0<a href=\"https:\/\/tools.google.com\/dlpage\/gaoptout\" target=\"_blank\" rel=\"noopener\">https:\/\/tools.google.com\/dlpage\/gaoptout<\/a><br \/>Cookie Google Analytics\u00a0:\u00a0<a href=\"https:\/\/support.google.com\/analytics\/answer\/181881?hl=fr\" target=\"_blank\" rel=\"noopener\">https:\/\/support.google.com\/analytics\/answer\/181881?hl=fr<\/a><\/p><\/div>\n\t\t\t\t<\/div>\n\t\t\t\t<\/div>\n\t\t\t\t<div class=\"elementor-element elementor-element-11d78030 elementor-widget elementor-widget-heading\" data-id=\"11d78030\" data-element_type=\"widget\" data-widget_type=\"heading.default\">\n\t\t\t\t<div class=\"elementor-widget-container\">\n\t\t\t<h4 class=\"elementor-heading-title elementor-size-default\">Contenu embarqu\u00e9 depuis d'autres sites<\/h4>\t\t<\/div>\n\t\t\t\t<\/div>\n\t\t\t\t<div class=\"elementor-element elementor-element-2975d4c0 elementor-widget elementor-widget-text-editor\" data-id=\"2975d4c0\" data-element_type=\"widget\" data-widget_type=\"text-editor.default\">\n\t\t\t\t<div class=\"elementor-widget-container\">\n\t\t\t\t\t<div class=\"elementor-text-editor elementor-clearfix\"><p>Les pages de ce site peuvent inclure des contenus int\u00e9gr\u00e9s (par exemple des vid\u00e9os, images, articles, &#8230;). Le contenu int\u00e9gr\u00e9 depuis d\u2019autres sites se comporte de la m\u00eame mani\u00e8re que si le visiteur se rendait sur cet autre site. Ces sites web pourraient collecter des donn\u00e9es sur vous, utiliser des cookies, embarquer des outils de suivis tiers, suivre vos interactions avec ces contenus embarqu\u00e9s si vous disposez d\u2019un compte connect\u00e9 sur leur site web.<\/p><\/div>\n\t\t\t\t<\/div>\n\t\t\t\t<\/div>\n\t\t\t\t\t\t<\/div>\n\t\t\t\t\t<\/div>\n\t\t<\/div>\n\t\t\t\t\t\t\t\t<\/div>\n\t\t\t\t\t<\/div>\n\t\t<\/section>\n\t\t\t\t\t\t<\/div>\n\t\t\t\t\t<\/div>\n\t\t<\/div>\n\t\t\t\t\t\t\t\t<\/div>\n\t\t\t\t\t<\/div>\n\t\t<\/section>\n\t\t\t\t<section class=\"elementor-section elementor-top-section elementor-element elementor-element-4dc24044 elementor-section-boxed elementor-section-height-default elementor-section-height-default\" data-id=\"4dc24044\" data-element_type=\"section\">\n\t\t\t\t\t\t<div class=\"elementor-container elementor-column-gap-default\">\n\t\t\t\t\t\t\t<div class=\"elementor-row\">\n\t\t\t\t\t<div class=\"elementor-column elementor-col-100 elementor-top-column elementor-element elementor-element-7b19af5e\" data-id=\"7b19af5e\" data-element_type=\"column\">\n\t\t\t<div class=\"elementor-column-wrap elementor-element-populated\">\n\t\t\t\t\t\t\t<div class=\"elementor-widget-wrap\">\n\t\t\t\t\t\t<div class=\"elementor-element elementor-element-488b7b59 elementor-widget elementor-widget-heading\" data-id=\"488b7b59\" data-element_type=\"widget\" data-widget_type=\"heading.default\">\n\t\t\t\t<div class=\"elementor-widget-container\">\n\t\t\t<h2 class=\"elementor-heading-title elementor-size-default\">Utilisation de vos donn\u00e9es<\/h2>\t\t<\/div>\n\t\t\t\t<\/div>\n\t\t\t\t<section class=\"elementor-section elementor-inner-section elementor-element elementor-element-1fac39bd elementor-section-boxed elementor-section-height-default elementor-section-height-default\" data-id=\"1fac39bd\" data-element_type=\"section\">\n\t\t\t\t\t\t<div class=\"elementor-container elementor-column-gap-default\">\n\t\t\t\t\t\t\t<div class=\"elementor-row\">\n\t\t\t\t\t<div class=\"elementor-column elementor-col-100 elementor-inner-column elementor-element elementor-element-3a47c65\" data-id=\"3a47c65\" data-element_type=\"column\">\n\t\t\t<div class=\"elementor-column-wrap elementor-element-populated\">\n\t\t\t\t\t\t\t<div class=\"elementor-widget-wrap\">\n\t\t\t\t\t\t<div class=\"elementor-element elementor-element-2d60bcd5 elementor-widget elementor-widget-text-editor\" data-id=\"2d60bcd5\" data-element_type=\"widget\" data-widget_type=\"text-editor.default\">\n\t\t\t\t<div class=\"elementor-widget-container\">\n\t\t\t\t\t<div class=\"elementor-text-editor elementor-clearfix\"><p>Nous utilisons les informations que vous nous transmettez pour\u00a0<strong>r\u00e9pondre \u00e0 vos questions ou vous transmettre des informations ou promotions particuli\u00e8res relative \u00e0 notre entreprise<\/strong>.<\/p><p>Bien entendu, \u00e0 tout moment vous pouvez nous contacter (<a href=\"&#x6d;&#x61;&#105;l&#x74;&#x6f;&#x3a;&#99;o&#x6e;&#x74;&#x61;&#99;t&#x40;&#x62;&#x65;&#108;e&#x7a;&#x7a;&#x61;&#46;f&#x72;\">&#x63;o&#x6e;&#116;a&#x63;&#116;&#x40;&#98;e&#x6c;&#101;&#x7a;&#122;a&#x2e;&#102;&#x72;<\/a>) si vous ne souhaitez pas que vos donn\u00e9es personnelles soient collect\u00e9es pour rester en contact.<\/p><p>Il en va de m\u00eame pour les newsletters : vous pouvez \u00e0 tout moment vous d\u00e9sinscrire via le lien de d\u00e9sinscription pr\u00e9sent en bas de chaque e-mailing ou encore en nous envoyant un mail \u00e0 l&rsquo;adresse ci-dessus.<\/p><\/div>\n\t\t\t\t<\/div>\n\t\t\t\t<\/div>\n\t\t\t\t<div class=\"elementor-element elementor-element-7946f881 elementor-widget elementor-widget-heading\" data-id=\"7946f881\" data-element_type=\"widget\" data-widget_type=\"heading.default\">\n\t\t\t\t<div class=\"elementor-widget-container\">\n\t\t\t<h4 class=\"elementor-heading-title elementor-size-default\">Conservation de vos donn\u00e9es<\/h4>\t\t<\/div>\n\t\t\t\t<\/div>\n\t\t\t\t<div class=\"elementor-element elementor-element-71134c8a elementor-widget elementor-widget-text-editor\" data-id=\"71134c8a\" data-element_type=\"widget\" data-widget_type=\"text-editor.default\">\n\t\t\t\t<div class=\"elementor-widget-container\">\n\t\t\t\t\t<div class=\"elementor-text-editor elementor-clearfix\"><p>Nous ne conserverons vos donn\u00e9es personnelles que pendant la dur\u00e9e n\u00e9cessaire aux fins de la collecte. Cela signifie que les donn\u00e9es seront d\u00e9truites ou supprim\u00e9es de nos syst\u00e8mes lorsqu\u2019elles ne seront plus n\u00e9cessaires.<\/p><\/div>\n\t\t\t\t<\/div>\n\t\t\t\t<\/div>\n\t\t\t\t<div class=\"elementor-element elementor-element-54269c8a elementor-widget elementor-widget-heading\" data-id=\"54269c8a\" data-element_type=\"widget\" data-widget_type=\"heading.default\">\n\t\t\t\t<div class=\"elementor-widget-container\">\n\t\t\t<h4 class=\"elementor-heading-title elementor-size-default\">Vos droits<\/h4>\t\t<\/div>\n\t\t\t\t<\/div>\n\t\t\t\t<div class=\"elementor-element elementor-element-52d6e773 elementor-widget elementor-widget-text-editor\" data-id=\"52d6e773\" data-element_type=\"widget\" data-widget_type=\"text-editor.default\">\n\t\t\t\t<div class=\"elementor-widget-container\">\n\t\t\t\t\t<div class=\"elementor-text-editor elementor-clearfix\"><p>Conform\u00e9ment aux dispositions l\u00e9gales et r\u00e9glementaires applicables, en particulier la loi no 78-17 du 6 janvier 1978 modifi\u00e9e relative \u00e0 l\u2019informatique, aux fichiers et aux libert\u00e9s et le r\u00e8glement europ\u00e9en 2016\/679 du 27 avril 2016 (applicable d\u00e8s le 25 mai 2018), vous disposez des droits suivants :<\/p><ul><li>Exercer votre\u00a0<strong>droit d\u2019acc\u00e8s<\/strong>, pour conna\u00eetre les donn\u00e9es personnelles qui vous concernent.<\/li><li>Demander la\u00a0<strong>mise \u00e0 jour de vos donn\u00e9es<\/strong>, si celles-ci sont inexactes.<\/li><li>Demander la portabilit\u00e9 ou la\u00a0<strong>suppression de vos donn\u00e9es.<\/strong><\/li><li>Demander la<strong>\u00a0limitation du traitement de vos donn\u00e9es.<\/strong><\/li><li>Vous\u00a0<strong>opposer, pour des motifs l\u00e9gitimes, au traitement de vos donn\u00e9es.<\/strong><\/li><li>Vous opposer ou\u00a0<strong>retirer votre consentement \u00e0 l\u2019utilisation\u00a0<\/strong>par nos services de vos coordonn\u00e9es pour l\u2019envoi de nos promotions, sollicitations via courriers \u00e9lectroniques, appels t\u00e9l\u00e9phoniques et courriers postaux.<\/li><\/ul><p>Vous pouvez exercer vos droits, soit par courriel\u00a0:\u00a0<a href=\"&#x6d;&#97;i&#x6c;&#x74;&#111;:&#x63;&#x6f;&#110;t&#x61;&#x63;&#116;&#64;&#x62;&#x65;&#108;e&#x7a;&#122;&#97;&#46;&#x66;&#114;\" target=\"_blank\" rel=\"noopener\">&#99;&#111;&#x6e;t&#97;&#x63;&#x74;&#64;&#98;&#x65;&#x6c;e&#122;&#x7a;a&#46;&#x66;&#x72;<\/a>\u00a0ou par courrier postal\u00a0\u00e0 l\u2019adresse suivante :<\/p><p>Belezza<br \/>Les palmiers, Port de plaisance<br \/>20169 Bonifacio<br \/>Tel : <a href=\"tel:\/\/+33495731109\">+33(2) 95 73 11 09<\/a><\/p><p>Pour toute information compl\u00e9mentaire ou r\u00e9clamation, vous pouvez contacter la Commission nationale de l\u2019informatique et des libert\u00e9s (plus d\u2019informations sur\u00a0<a href=\"https:\/\/www.cnil.fr\/fr\" target=\"_blank\" rel=\"noopener\">www.cnil.fr<\/a>).<\/p><\/div>\n\t\t\t\t<\/div>\n\t\t\t\t<\/div>\n\t\t\t\t\t\t<\/div>\n\t\t\t\t\t<\/div>\n\t\t<\/div>\n\t\t\t\t\t\t\t\t<\/div>\n\t\t\t\t\t<\/div>\n\t\t<\/section>\n\t\t\t\t\t\t<\/div>\n\t\t\t\t\t<\/div>\n\t\t<\/div>\n\t\t\t\t\t\t\t\t<\/div>\n\t\t\t\t\t<\/div>\n\t\t<\/section>\n\t\t\t\t\t\t<\/div>\n\t\t\t\t\t\t<\/div>\n\t\t\t\t\t<\/div>\n\t\t","protected":false},"excerpt":{"rendered":"<p>Qui sommes nous ? Belezza est consciente de l&rsquo;importance que repr\u00e9sente le respect de la confidentialit\u00e9 \u00e0 vos yeux. C&rsquo;est pourquoi, nous souhaitons \u00eatre\u00a0les plus transparents concernant nos modalit\u00e9s de collecte, d&rsquo;utilisation et de stockage de vos informations personnelles. L\u2019adresse de notre site Web est la suivante : https:\/\/www.belezza.fr Quelles sont les donn\u00e9es collect\u00e9es ? [&hellip;]<\/p>\n","protected":false},"author":1,"featured_media":0,"parent":0,"menu_order":0,"comment_status":"closed","ping_status":"closed","template":"","meta":[],"yoast_head":"<!-- This site is optimized with the Yoast SEO plugin v16.0.2 - https:\/\/yoast.com\/wordpress\/plugins\/seo\/ -->\n<title>Politique de confidentialit\u00e9 - Bonifacio | BELEZZA<\/title>\n<link rel=\"canonical\" href=\"https:\/\/www.belezza.fr\/fr\/politique-de-confidentialite\/\" \/>\n<meta property=\"og:locale\" content=\"fr_FR\" \/>\n<meta property=\"og:type\" content=\"article\" \/>\n<meta property=\"og:title\" content=\"Politique de confidentialit\u00e9 - Bonifacio | BELEZZA\" \/>\n<meta property=\"og:description\" content=\"Qui sommes nous ? Belezza est consciente de l&rsquo;importance que repr\u00e9sente le respect de la confidentialit\u00e9 \u00e0 vos yeux. C&rsquo;est pourquoi, nous souhaitons \u00eatre\u00a0les plus transparents concernant nos modalit\u00e9s de collecte, d&rsquo;utilisation et de stockage de vos informations personnelles. L\u2019adresse de notre site Web est la suivante : https:\/\/www.belezza.fr Quelles sont les donn\u00e9es collect\u00e9es ? [&hellip;]\" \/>\n<meta property=\"og:url\" content=\"https:\/\/www.belezza.fr\/fr\/politique-de-confidentialite\/\" \/>\n<meta property=\"og:site_name\" content=\"Bonifacio | BELEZZA\" \/>\n<meta property=\"article:publisher\" content=\"https:\/\/www.facebook.com\/BelezzaBonifacio\/\" \/>\n<meta property=\"article:modified_time\" content=\"2020-06-09T21:39:29+00:00\" \/>\n<meta property=\"og:image\" content=\"https:\/\/www.belezza.fr\/app\/uploads\/2020\/06\/opengraph_spasalon.jpg\" \/>\n\t<meta property=\"og:image:width\" content=\"1200\" \/>\n\t<meta property=\"og:image:height\" content=\"630\" \/>\n<meta name=\"twitter:card\" content=\"summary_large_image\" \/>\n<meta name=\"twitter:label1\" content=\"Dur\u00e9e de lecture est.\">\n\t<meta name=\"twitter:data1\" content=\"4 minutes\">\n<script type=\"application\/ld+json\" class=\"yoast-schema-graph\">{\"@context\":\"https:\/\/schema.org\",\"@graph\":[{\"@type\":\"WebSite\",\"@id\":\"http:\/\/localhost\/#website\",\"url\":\"http:\/\/localhost\/\",\"name\":\"Bonifacio | BELEZZA\",\"description\":\"Belezza, coiffure \\u00e0 domicile,Salon de coiffure, spa et institut de beaut\\u00e9 situ\\u00e9s \\u00e0 Bonifacio, Corse\",\"potentialAction\":[{\"@type\":\"SearchAction\",\"target\":\"http:\/\/localhost\/?s={search_term_string}\",\"query-input\":\"required name=search_term_string\"}],\"inLanguage\":\"fr-FR\"},{\"@type\":\"WebPage\",\"@id\":\"https:\/\/www.belezza.fr\/fr\/politique-de-confidentialite\/#webpage\",\"url\":\"https:\/\/www.belezza.fr\/fr\/politique-de-confidentialite\/\",\"name\":\"Politique de confidentialit\\u00e9 - Bonifacio | BELEZZA\",\"isPartOf\":{\"@id\":\"http:\/\/localhost\/#website\"},\"datePublished\":\"2020-05-24T21:56:22+00:00\",\"dateModified\":\"2020-06-09T21:39:29+00:00\",\"breadcrumb\":{\"@id\":\"https:\/\/www.belezza.fr\/fr\/politique-de-confidentialite\/#breadcrumb\"},\"inLanguage\":\"fr-FR\",\"potentialAction\":[{\"@type\":\"ReadAction\",\"target\":[\"https:\/\/www.belezza.fr\/fr\/politique-de-confidentialite\/\"]}]},{\"@type\":\"BreadcrumbList\",\"@id\":\"https:\/\/www.belezza.fr\/fr\/politique-de-confidentialite\/#breadcrumb\",\"itemListElement\":[{\"@type\":\"ListItem\",\"position\":1,\"item\":{\"@type\":\"WebPage\",\"@id\":\"https:\/\/www.belezza.fr\/fr\/\",\"url\":\"https:\/\/www.belezza.fr\/fr\/\",\"name\":\"Home\"}},{\"@type\":\"ListItem\",\"position\":2,\"item\":{\"@type\":\"WebPage\",\"@id\":\"https:\/\/www.belezza.fr\/fr\/politique-de-confidentialite\/\",\"url\":\"https:\/\/www.belezza.fr\/fr\/politique-de-confidentialite\/\",\"name\":\"Politique de confidentialit\\u00e9\"}}]}]}<\/script>\n<!-- \/ Yoast SEO plugin. -->","_links":{"self":[{"href":"https:\/\/www.belezza.fr\/fr\/wp-json\/wp\/v2\/pages\/36"}],"collection":[{"href":"https:\/\/www.belezza.fr\/fr\/wp-json\/wp\/v2\/pages"}],"about":[{"href":"https:\/\/www.belezza.fr\/fr\/wp-json\/wp\/v2\/types\/page"}],"author":[{"embeddable":true,"href":"https:\/\/www.belezza.fr\/fr\/wp-json\/wp\/v2\/users\/1"}],"replies":[{"embeddable":true,"href":"https:\/\/www.belezza.fr\/fr\/wp-json\/wp\/v2\/comments?post=36"}],"version-history":[{"count":3,"href":"https:\/\/www.belezza.fr\/fr\/wp-json\/wp\/v2\/pages\/36\/revisions"}],"predecessor-version":[{"id":1719,"href":"https:\/\/www.belezza.fr\/fr\/wp-json\/wp\/v2\/pages\/36\/revisions\/1719"}],"wp:attachment":[{"href":"https:\/\/www.belezza.fr\/fr\/wp-json\/wp\/v2\/media?parent=36"}],"curies":[{"name":"wp","href":"https:\/\/api.w.org\/{rel}","templated":true}]}}