{"id":27,"date":"2020-05-24T23:36:41","date_gmt":"2020-05-24T21:36:41","guid":{"rendered":"https:\/\/www.belezza.fr\/?page_id=27"},"modified":"2024-04-04T23:29:16","modified_gmt":"2024-04-04T21:29:16","slug":"casa","status":"publish","type":"page","link":"https:\/\/www.belezza.fr\/fr\/casa\/","title":{"rendered":"Mariage, salon et spa \u00e0 domicile"},"content":{"rendered":"\t\t<div data-elementor-type=\"wp-page\" data-elementor-id=\"27\" class=\"elementor elementor-27\" data-elementor-settings=\"[]\">\n\t\t\t\t\t\t<div class=\"elementor-inner\">\n\t\t\t\t\t\t\t<div class=\"elementor-section-wrap\">\n\t\t\t\t\t\t\t<section class=\"elementor-section elementor-top-section elementor-element elementor-element-10eaef02 elementor-section-full_width elementor-section-height-default elementor-section-height-default\" data-id=\"10eaef02\" data-element_type=\"section\">\n\t\t\t\t\t\t<div class=\"elementor-container elementor-column-gap-no\">\n\t\t\t\t\t\t\t<div class=\"elementor-row\">\n\t\t\t\t\t<div class=\"elementor-column elementor-col-100 elementor-top-column elementor-element elementor-element-510aa573\" data-id=\"510aa573\" data-element_type=\"column\">\n\t\t\t<div class=\"elementor-column-wrap elementor-element-populated\">\n\t\t\t\t\t\t\t<div class=\"elementor-widget-wrap\">\n\t\t\t\t\t\t<div class=\"elementor-element elementor-element-36d1b45e elementor--h-position-center elementor--v-position-middle elementor-arrows-position-inside elementor-pagination-position-inside elementor-widget elementor-widget-slides\" data-id=\"36d1b45e\" data-element_type=\"widget\" data-settings=\"{&quot;navigation&quot;:&quot;both&quot;,&quot;autoplay&quot;:&quot;yes&quot;,&quot;pause_on_hover&quot;:&quot;yes&quot;,&quot;pause_on_interaction&quot;:&quot;yes&quot;,&quot;autoplay_speed&quot;:5000,&quot;infinite&quot;:&quot;yes&quot;,&quot;transition&quot;:&quot;slide&quot;,&quot;transition_speed&quot;:500}\" data-widget_type=\"slides.default\">\n\t\t\t\t<div class=\"elementor-widget-container\">\n\t\t\t\t\t<div class=\"elementor-swiper\">\n\t\t\t<div class=\"elementor-slides-wrapper elementor-main-swiper swiper-container\" dir=\"ltr\" data-animation=\"fadeInUp\">\n\t\t\t\t<div class=\"swiper-wrapper elementor-slides\">\n\t\t\t\t\t<div class=\"elementor-repeater-item-dce9fed swiper-slide\"><div class=\"swiper-slide-bg\"><\/div><a class=\"swiper-slide-inner\" href=\"tel:\/\/+33609746627\" rel=\"nofollow\"><div class=\"swiper-slide-contents\"><div class=\"elementor-slide-heading\">Belezz\u2019a casa c\u2019est le service haut de gamme, personnalise\u0301, du salon et de l\u2019institut a\u0300 votre lieu de re\u0301sidence ( dans votre villa, a\u0300 bord d\u2019un bateau, dans votre chambre ho\u0302tel...)<\/div><div  class=\"elementor-button elementor-slide-button elementor-size-sm\">Nous contacter<\/div><\/div><\/a><\/div>\t\t\t\t<\/div>\n\t\t\t\t\t\t\t<\/div>\n\t\t<\/div>\n\t\t\t\t<\/div>\n\t\t\t\t<\/div>\n\t\t\t\t\t\t<\/div>\n\t\t\t\t\t<\/div>\n\t\t<\/div>\n\t\t\t\t\t\t\t\t<\/div>\n\t\t\t\t\t<\/div>\n\t\t<\/section>\n\t\t\t\t<section class=\"elementor-section elementor-top-section elementor-element elementor-element-718e5402 belezza-section belezza-icon elementor-section-boxed elementor-section-height-default elementor-section-height-default\" data-id=\"718e5402\" data-element_type=\"section\" id=\"concept\" data-settings=\"{&quot;background_background&quot;:&quot;classic&quot;}\">\n\t\t\t\t\t\t<div class=\"elementor-container elementor-column-gap-no\">\n\t\t\t\t\t\t\t<div class=\"elementor-row\">\n\t\t\t\t\t<div class=\"elementor-column elementor-col-100 elementor-top-column elementor-element elementor-element-25b4f31e\" data-id=\"25b4f31e\" data-element_type=\"column\">\n\t\t\t<div class=\"elementor-column-wrap elementor-element-populated\">\n\t\t\t\t\t\t\t<div class=\"elementor-widget-wrap\">\n\t\t\t\t\t\t<div class=\"elementor-element elementor-element-34e6e08 elementor-hidden-desktop elementor-hidden-tablet elementor-hidden-phone elementor-widget elementor-widget-heading\" data-id=\"34e6e08\" data-element_type=\"widget\" data-widget_type=\"heading.default\">\n\t\t\t\t<div class=\"elementor-widget-container\">\n\t\t\t<h1 class=\"elementor-heading-title elementor-size-default\">Belezz\u2019a casa c\u2019est le service haut de gamme, personnalise\u0301, du salon et de l\u2019institut a\u0300 votre lieu de re\u0301sidence ( dans votre villa, a\u0300 bord d\u2019un bateau, dans votre chambre ho\u0302tel...)<\/h1>\t\t<\/div>\n\t\t\t\t<\/div>\n\t\t\t\t<div class=\"elementor-element elementor-element-3b1c7185 elementor-widget elementor-widget-heading\" data-id=\"3b1c7185\" data-element_type=\"widget\" data-widget_type=\"heading.default\">\n\t\t\t\t<div class=\"elementor-widget-container\">\n\t\t\t<h2 class=\"elementor-heading-title elementor-size-default\">Le concept<\/h2>\t\t<\/div>\n\t\t\t\t<\/div>\n\t\t\t\t<section class=\"elementor-section elementor-inner-section elementor-element elementor-element-b92bd1d elementor-section-full_width elementor-section-content-top elementor-section-height-default elementor-section-height-default\" data-id=\"b92bd1d\" data-element_type=\"section\">\n\t\t\t\t\t\t<div class=\"elementor-container elementor-column-gap-default\">\n\t\t\t\t\t\t\t<div class=\"elementor-row\">\n\t\t\t\t\t<div class=\"elementor-column elementor-col-50 elementor-inner-column elementor-element elementor-element-0a5bbe0\" data-id=\"0a5bbe0\" data-element_type=\"column\">\n\t\t\t<div class=\"elementor-column-wrap elementor-element-populated\">\n\t\t\t\t\t\t\t<div class=\"elementor-widget-wrap\">\n\t\t\t\t\t\t<div class=\"elementor-element elementor-element-2f0865a elementor-widget elementor-widget-image\" data-id=\"2f0865a\" data-element_type=\"widget\" data-widget_type=\"image.default\">\n\t\t\t\t<div class=\"elementor-widget-container\">\n\t\t\t\t\t<div class=\"elementor-image\">\n\t\t\t\t\t\t\t\t\t\t<img width=\"1284\" height=\"954\" src=\"https:\/\/www.belezza.fr\/app\/uploads\/2021\/03\/IMG_6728.jpeg\" class=\"attachment-full size-full\" alt=\"\" loading=\"lazy\" srcset=\"https:\/\/www.belezza.fr\/app\/uploads\/2021\/03\/IMG_6728.jpeg 1284w, https:\/\/www.belezza.fr\/app\/uploads\/2021\/03\/IMG_6728-300x223.jpeg 300w, https:\/\/www.belezza.fr\/app\/uploads\/2021\/03\/IMG_6728-1024x761.jpeg 1024w, https:\/\/www.belezza.fr\/app\/uploads\/2021\/03\/IMG_6728-768x571.jpeg 768w\" sizes=\"(max-width: 1284px) 100vw, 1284px\" \/>\t\t\t\t\t\t\t\t\t\t\t<\/div>\n\t\t\t\t<\/div>\n\t\t\t\t<\/div>\n\t\t\t\t\t\t<\/div>\n\t\t\t\t\t<\/div>\n\t\t<\/div>\n\t\t\t\t<div class=\"elementor-column elementor-col-50 elementor-inner-column elementor-element elementor-element-8dec3e7\" data-id=\"8dec3e7\" data-element_type=\"column\">\n\t\t\t<div class=\"elementor-column-wrap elementor-element-populated\">\n\t\t\t\t\t\t\t<div class=\"elementor-widget-wrap\">\n\t\t\t\t\t\t<div class=\"elementor-element elementor-element-c86524e elementor-widget elementor-widget-heading\" data-id=\"c86524e\" data-element_type=\"widget\" data-widget_type=\"heading.default\">\n\t\t\t\t<div class=\"elementor-widget-container\">\n\t\t\t<h2 class=\"elementor-heading-title elementor-size-default\">Tous les bienfaits de Belezza \u00e0 domicile<\/h2>\t\t<\/div>\n\t\t\t\t<\/div>\n\t\t\t\t<div class=\"elementor-element elementor-element-10312b99 elementor-widget elementor-widget-text-editor\" data-id=\"10312b99\" data-element_type=\"widget\" data-widget_type=\"text-editor.default\">\n\t\t\t\t<div class=\"elementor-widget-container\">\n\t\t\t\t\t<div class=\"elementor-text-editor elementor-clearfix\"><div><strong>Le service \u00e0 domicile de Belezz\u2019a casa est r\u00e9alis\u00e9 avec beaucoup de rigueur et de passion, afin de vous promettre une prestation exclusive, haut de gamme, \u00e0 la hauteur de vos attentes.<\/strong><\/div><div>\u00a0<\/div><div>Nous mettons tout en oeuvre pour nous rendre disponibles dans les meilleurs d\u00e9lais et la plus grande discr\u00e9tion afin que ce moment de d\u00e9tente soit une r\u00e9elle parenth\u00e8se o\u00f9 le temps s\u2019arr\u00eate uniquement pour vous.<\/div><\/div>\n\t\t\t\t<\/div>\n\t\t\t\t<\/div>\n\t\t\t\t\t\t<\/div>\n\t\t\t\t\t<\/div>\n\t\t<\/div>\n\t\t\t\t\t\t\t\t<\/div>\n\t\t\t\t\t<\/div>\n\t\t<\/section>\n\t\t\t\t\t\t<\/div>\n\t\t\t\t\t<\/div>\n\t\t<\/div>\n\t\t\t\t\t\t\t\t<\/div>\n\t\t\t\t\t<\/div>\n\t\t<\/section>\n\t\t\t\t<section class=\"elementor-section elementor-top-section elementor-element elementor-element-637d76e6 belezza-section belezza-icon elementor-section-boxed elementor-section-height-default elementor-section-height-default\" data-id=\"637d76e6\" data-element_type=\"section\" id=\"massage\" data-settings=\"{&quot;background_background&quot;:&quot;classic&quot;}\">\n\t\t\t\t\t\t<div class=\"elementor-container elementor-column-gap-no\">\n\t\t\t\t\t\t\t<div class=\"elementor-row\">\n\t\t\t\t\t<div class=\"elementor-column elementor-col-100 elementor-top-column elementor-element elementor-element-a70cfef\" data-id=\"a70cfef\" data-element_type=\"column\">\n\t\t\t<div class=\"elementor-column-wrap\">\n\t\t\t\t\t\t\t<div class=\"elementor-widget-wrap\">\n\t\t\t\t\t\t\t\t<\/div>\n\t\t\t\t\t<\/div>\n\t\t<\/div>\n\t\t\t\t\t\t\t\t<\/div>\n\t\t\t\t\t<\/div>\n\t\t<\/section>\n\t\t\t\t<section class=\"elementor-section elementor-top-section elementor-element elementor-element-377fb3ae belezza-section belezza-icon belezza-icon elementor-section-boxed elementor-section-height-default elementor-section-height-default\" data-id=\"377fb3ae\" data-element_type=\"section\" id=\"make-up\" data-settings=\"{&quot;background_background&quot;:&quot;classic&quot;}\">\n\t\t\t\t\t\t<div class=\"elementor-container elementor-column-gap-no\">\n\t\t\t\t\t\t\t<div class=\"elementor-row\">\n\t\t\t\t\t<div class=\"elementor-column elementor-col-100 elementor-top-column elementor-element elementor-element-2430062f\" data-id=\"2430062f\" data-element_type=\"column\">\n\t\t\t<div class=\"elementor-column-wrap elementor-element-populated\">\n\t\t\t\t\t\t\t<div class=\"elementor-widget-wrap\">\n\t\t\t\t\t\t<div class=\"elementor-element elementor-element-12a325af elementor-widget elementor-widget-heading\" data-id=\"12a325af\" data-element_type=\"widget\" data-widget_type=\"heading.default\">\n\t\t\t\t<div class=\"elementor-widget-container\">\n\t\t\t<h3 class=\"elementor-heading-title elementor-size-default\">COIFFURE \u2013 MAQUILLAGE<\/h3>\t\t<\/div>\n\t\t\t\t<\/div>\n\t\t\t\t<div class=\"elementor-element elementor-element-1fd8c169 elementor-widget elementor-widget-text-editor\" data-id=\"1fd8c169\" data-element_type=\"widget\" data-widget_type=\"text-editor.default\">\n\t\t\t\t<div class=\"elementor-widget-container\">\n\t\t\t\t\t<div class=\"elementor-text-editor elementor-clearfix\"><div class=\"page\" title=\"Page 1\">\n<div class=\"layoutArea\">\n<div class=\"column\">\n<p style=\"text-align: center;\">Me\u0301lina se de\u0301place de \u00e0 Porto-Vecchio, Bonifacio et leurs environs pour les services de coiffure, barbier et maquillage a\u0300 votre lieu de re\u0301sidence (dans votre villa, a\u0300 bord d\u2019un bateau, dans votre chambre ho\u0302tel&#8230;).<\/p>\n<p style=\"text-align: center;\"><em style=\"font-size: 0.95em;\">Tarifs merci de nous formuler votre demande par mail <span style=\"text-decoration: underline;\"><span style=\"color: #ffffff; text-decoration: underline;\"><a style=\"text-decoration: underline;\" href=\"&#109;&#97;&#x69;l&#116;&#x6f;&#x3a;m&#101;&#x6c;&#x69;n&#97;&#x40;b&#101;&#x6c;&#x65;z&#122;&#x61;&#x2e;f&#114;\">ici<\/a>.<\/span><\/span><\/em><\/p>\n<\/div>\n<\/div>\n<\/div><\/div>\n\t\t\t\t<\/div>\n\t\t\t\t<\/div>\n\t\t\t\t\t\t<\/div>\n\t\t\t\t\t<\/div>\n\t\t<\/div>\n\t\t\t\t\t\t\t\t<\/div>\n\t\t\t\t\t<\/div>\n\t\t<\/section>\n\t\t\t\t<section class=\"elementor-section elementor-top-section elementor-element elementor-element-92d2355 belezza-section belezza-icon elementor-section-boxed elementor-section-height-default elementor-section-height-default\" data-id=\"92d2355\" data-element_type=\"section\" id=\"event\" data-settings=\"{&quot;background_background&quot;:&quot;classic&quot;}\">\n\t\t\t\t\t\t<div class=\"elementor-container elementor-column-gap-no\">\n\t\t\t\t\t\t\t<div class=\"elementor-row\">\n\t\t\t\t\t<div class=\"elementor-column elementor-col-100 elementor-top-column elementor-element elementor-element-4ed909a\" data-id=\"4ed909a\" data-element_type=\"column\">\n\t\t\t<div class=\"elementor-column-wrap elementor-element-populated\">\n\t\t\t\t\t\t\t<div class=\"elementor-widget-wrap\">\n\t\t\t\t\t\t<div class=\"elementor-element elementor-element-6195d37 elementor-widget elementor-widget-heading\" data-id=\"6195d37\" data-element_type=\"widget\" data-widget_type=\"heading.default\">\n\t\t\t\t<div class=\"elementor-widget-container\">\n\t\t\t<h3 class=\"elementor-heading-title elementor-size-default\">E\u0301VE\u0300NEMENTS<\/h3>\t\t<\/div>\n\t\t\t\t<\/div>\n\t\t\t\t<section class=\"elementor-section elementor-inner-section elementor-element elementor-element-75c83eb elementor-section-full_width  casa-section elementor-section-height-default elementor-section-height-default\" data-id=\"75c83eb\" data-element_type=\"section\">\n\t\t\t\t\t\t<div class=\"elementor-container elementor-column-gap-default\">\n\t\t\t\t\t\t\t<div class=\"elementor-row\">\n\t\t\t\t\t<div class=\"elementor-column elementor-col-100 elementor-inner-column elementor-element elementor-element-97a62d0\" data-id=\"97a62d0\" data-element_type=\"column\">\n\t\t\t<div class=\"elementor-column-wrap elementor-element-populated\">\n\t\t\t\t\t\t\t<div class=\"elementor-widget-wrap\">\n\t\t\t\t\t\t<div class=\"elementor-element elementor-element-f169b62 elementor-widget elementor-widget-text-editor\" data-id=\"f169b62\" data-element_type=\"widget\" data-widget_type=\"text-editor.default\">\n\t\t\t\t<div class=\"elementor-widget-container\">\n\t\t\t\t\t<div class=\"elementor-text-editor elementor-clearfix\"><p>Me\u0301lina et son e\u0301quipe se de\u0301place pour des tournages te\u0301le\u0301vise\u0301s, des shootings photos, des de\u0301file\u0301s&#8230; en s\u2019adaptant a\u0300 chaque demande spe\u0301cifiques pour un service personnalise\u0301.<\/p>\n<div class=\"page\" title=\"Page 1\">\n<div class=\"layoutArea\">\n<div class=\"column\">\n<p><em style=\"font-size: 0.95em;\">Tarifs merci de nous formuler votre demande par mail <span style=\"text-decoration: underline;\"><span style=\"color: #ffffff; text-decoration: underline;\"><a style=\"color: #ffffff; text-decoration: underline;\" href=\"&#109;&#x61;i&#108;&#x74;o&#58;&#x6d;e&#x6c;&#x69;&#110;&#x61;&#64;&#98;&#x65;l&#101;&#x7a;z&#x61;&#x2e;&#102;&#x72;\">ici<\/a>.<\/span><\/span><\/em><\/p>\n<\/div>\n<\/div>\n<\/div><\/div>\n\t\t\t\t<\/div>\n\t\t\t\t<\/div>\n\t\t\t\t\t\t<\/div>\n\t\t\t\t\t<\/div>\n\t\t<\/div>\n\t\t\t\t\t\t\t\t<\/div>\n\t\t\t\t\t<\/div>\n\t\t<\/section>\n\t\t\t\t\t\t<\/div>\n\t\t\t\t\t<\/div>\n\t\t<\/div>\n\t\t\t\t\t\t\t\t<\/div>\n\t\t\t\t\t<\/div>\n\t\t<\/section>\n\t\t\t\t<section class=\"elementor-section elementor-top-section elementor-element elementor-element-7dc622f belezza-section belezza-icon belezza-icon elementor-section-boxed elementor-section-height-default elementor-section-height-default\" data-id=\"7dc622f\" data-element_type=\"section\" id=\"partners\" data-settings=\"{&quot;background_background&quot;:&quot;classic&quot;}\">\n\t\t\t\t\t\t<div class=\"elementor-container elementor-column-gap-no\">\n\t\t\t\t\t\t\t<div class=\"elementor-row\">\n\t\t\t\t\t<div class=\"elementor-column elementor-col-100 elementor-top-column elementor-element elementor-element-6d4c02c\" data-id=\"6d4c02c\" data-element_type=\"column\">\n\t\t\t<div class=\"elementor-column-wrap elementor-element-populated\">\n\t\t\t\t\t\t\t<div class=\"elementor-widget-wrap\">\n\t\t\t\t\t\t<div class=\"elementor-element elementor-element-c58af72 elementor-widget elementor-widget-text-editor\" data-id=\"c58af72\" data-element_type=\"widget\" data-widget_type=\"text-editor.default\">\n\t\t\t\t<div class=\"elementor-widget-container\">\n\t\t\t\t\t<div class=\"elementor-text-editor elementor-clearfix\"><\/div>\n\t\t\t\t<\/div>\n\t\t\t\t<\/div>\n\t\t\t\t<div class=\"elementor-element elementor-element-07ea7c1 elementor-widget elementor-widget-text-editor\" data-id=\"07ea7c1\" data-element_type=\"widget\" data-widget_type=\"text-editor.default\">\n\t\t\t\t<div class=\"elementor-widget-container\">\n\t\t\t\t\t<div class=\"elementor-text-editor elementor-clearfix\"><ul style=\"text-align: center; list-style-type: none;\"><li>\u00a0<\/li><\/ul><\/div>\n\t\t\t\t<\/div>\n\t\t\t\t<\/div>\n\t\t\t\t<div class=\"elementor-element elementor-element-c257761 elementor-widget elementor-widget-text-editor\" data-id=\"c257761\" data-element_type=\"widget\" data-widget_type=\"text-editor.default\">\n\t\t\t\t<div class=\"elementor-widget-container\">\n\t\t\t\t\t<div class=\"elementor-text-editor elementor-clearfix\"><ul style=\"text-align: center; list-style-type: none;\"><li>\u00a0<\/li><\/ul><\/div>\n\t\t\t\t<\/div>\n\t\t\t\t<\/div>\n\t\t\t\t<div class=\"elementor-element elementor-element-c740f26 elementor-widget elementor-widget-text-editor\" data-id=\"c740f26\" data-element_type=\"widget\" data-widget_type=\"text-editor.default\">\n\t\t\t\t<div class=\"elementor-widget-container\">\n\t\t\t\t\t<div class=\"elementor-text-editor elementor-clearfix\"><ul style=\"text-align: center; list-style-type: none;\"><li>\u00a0<\/li><\/ul><\/div>\n\t\t\t\t<\/div>\n\t\t\t\t<\/div>\n\t\t\t\t<div class=\"elementor-element elementor-element-252afd2 elementor-widget elementor-widget-text-editor\" data-id=\"252afd2\" data-element_type=\"widget\" data-widget_type=\"text-editor.default\">\n\t\t\t\t<div class=\"elementor-widget-container\">\n\t\t\t\t\t<div class=\"elementor-text-editor elementor-clearfix\"><ul style=\"text-align: center; list-style-type: none;\"><li>\u00a0<\/li><\/ul><\/div>\n\t\t\t\t<\/div>\n\t\t\t\t<\/div>\n\t\t\t\t\t\t<\/div>\n\t\t\t\t\t<\/div>\n\t\t<\/div>\n\t\t\t\t\t\t\t\t<\/div>\n\t\t\t\t\t<\/div>\n\t\t<\/section>\n\t\t\t\t<section class=\"elementor-section elementor-top-section elementor-element elementor-element-2a6b411c belezza-section elementor-section-full_width elementor-section-height-default elementor-section-height-default\" data-id=\"2a6b411c\" data-element_type=\"section\" data-settings=\"{&quot;background_background&quot;:&quot;classic&quot;}\">\n\t\t\t\t\t\t<div class=\"elementor-container elementor-column-gap-no\">\n\t\t\t\t\t\t\t<div class=\"elementor-row\">\n\t\t\t\t\t<div class=\"elementor-column elementor-col-100 elementor-top-column elementor-element elementor-element-22edfc7\" data-id=\"22edfc7\" data-element_type=\"column\">\n\t\t\t<div class=\"elementor-column-wrap elementor-element-populated\">\n\t\t\t\t\t\t\t<div class=\"elementor-widget-wrap\">\n\t\t\t\t\t\t<div class=\"elementor-element elementor-element-5627507d elementor-blockquote--skin-quotation elementor-blockquote--align-center elementor-blockquote--button-color-official elementor-widget elementor-widget-blockquote\" data-id=\"5627507d\" data-element_type=\"widget\" data-widget_type=\"blockquote.default\">\n\t\t\t\t<div class=\"elementor-widget-container\">\n\t\t\t\t\t<blockquote class=\"elementor-blockquote\">\n\t\t\t<p class=\"elementor-blockquote__content\">\n\t\t\t\tChacun est l'ombre de tous\t\t\t<\/p>\n\t\t\t\t\t\t\t<footer>\n\t\t\t\t\t\t\t\t\t\t\t<cite class=\"elementor-blockquote__author\">Paul \u00e9louard<\/cite>\n\t\t\t\t\t\t\t\t\t\t\t\t\t\t<\/footer>\n\t\t\t\t\t<\/blockquote>\n\t\t\t\t<\/div>\n\t\t\t\t<\/div>\n\t\t\t\t\t\t<\/div>\n\t\t\t\t\t<\/div>\n\t\t<\/div>\n\t\t\t\t\t\t\t\t<\/div>\n\t\t\t\t\t<\/div>\n\t\t<\/section>\n\t\t\t\t\t\t<\/div>\n\t\t\t\t\t\t<\/div>\n\t\t\t\t\t<\/div>\n\t\t","protected":false},"excerpt":{"rendered":"<p>Belezz\u2019a casa c\u2019est le service haut de gamme, personnalise\u0301, du salon et de l\u2019institut a\u0300 votre lieu de re\u0301sidence ( dans votre villa, a\u0300 bord d\u2019un bateau, dans votre chambre ho\u0302tel&#8230;)Nous contacter Belezz\u2019a casa c\u2019est le service haut de gamme, personnalise\u0301, du salon et de l\u2019institut a\u0300 votre lieu de re\u0301sidence ( dans votre villa, [&hellip;]<\/p>\n","protected":false},"author":1,"featured_media":0,"parent":0,"menu_order":0,"comment_status":"closed","ping_status":"closed","template":"","meta":[],"yoast_head":"<!-- This site is optimized with the Yoast SEO plugin v16.0.2 - https:\/\/yoast.com\/wordpress\/plugins\/seo\/ -->\n<title>Mariage, salon et spa \u00e0 domicile - Bonifacio | BELEZZA CASA<\/title>\n<meta name=\"description\" content=\"By M\u00e9lina. Les services du salon et spa rien que pour vous. Pour un mariage, sur yacht, \u00e0 votre villas, plage, \u2026 M\u00e9lina vous chouchoute \u00e0 domicile !\" \/>\n<link rel=\"canonical\" href=\"https:\/\/www.belezza.fr\/fr\/casa\/\" \/>\n<meta property=\"og:locale\" content=\"fr_FR\" \/>\n<meta property=\"og:type\" content=\"article\" \/>\n<meta property=\"og:title\" content=\"Mariage, salon et spa \u00e0 domicile - Bonifacio | BELEZZA CASA\" \/>\n<meta property=\"og:description\" content=\"By M\u00e9lina. Les services du salon et spa rien que pour vous. Pour un mariage, sur yacht, \u00e0 votre villas, plage, \u2026 M\u00e9lina vous chouchoute \u00e0 domicile !\" \/>\n<meta property=\"og:url\" content=\"https:\/\/www.belezza.fr\/fr\/casa\/\" \/>\n<meta property=\"og:site_name\" content=\"Bonifacio | BELEZZA\" \/>\n<meta property=\"article:publisher\" content=\"https:\/\/www.facebook.com\/BelezzaBonifacio\/\" \/>\n<meta property=\"article:modified_time\" content=\"2024-04-04T21:29:16+00:00\" \/>\n<meta property=\"og:image\" content=\"https:\/\/www.belezza.fr\/app\/uploads\/2020\/06\/opengraph_casa.jpg\" \/>\n\t<meta property=\"og:image:width\" content=\"1200\" \/>\n\t<meta property=\"og:image:height\" content=\"630\" \/>\n<meta name=\"twitter:card\" content=\"summary_large_image\" \/>\n<meta name=\"twitter:label1\" content=\"Dur\u00e9e de lecture est.\">\n\t<meta name=\"twitter:data1\" content=\"2 minutes\">\n<script type=\"application\/ld+json\" class=\"yoast-schema-graph\">{\"@context\":\"https:\/\/schema.org\",\"@graph\":[{\"@type\":\"WebSite\",\"@id\":\"http:\/\/localhost\/#website\",\"url\":\"http:\/\/localhost\/\",\"name\":\"Bonifacio | BELEZZA\",\"description\":\"Belezza, coiffure \\u00e0 domicile,Salon de coiffure, spa et institut de beaut\\u00e9 situ\\u00e9s \\u00e0 Bonifacio, Corse\",\"potentialAction\":[{\"@type\":\"SearchAction\",\"target\":\"http:\/\/localhost\/?s={search_term_string}\",\"query-input\":\"required name=search_term_string\"}],\"inLanguage\":\"fr-FR\"},{\"@type\":\"ImageObject\",\"@id\":\"https:\/\/www.belezza.fr\/fr\/casa\/#primaryimage\",\"inLanguage\":\"fr-FR\",\"url\":\"https:\/\/www.belezza.fr\/app\/uploads\/2021\/03\/IMG_6728.jpeg?_t=1712266156\"},{\"@type\":\"WebPage\",\"@id\":\"https:\/\/www.belezza.fr\/fr\/casa\/#webpage\",\"url\":\"https:\/\/www.belezza.fr\/fr\/casa\/\",\"name\":\"Mariage, salon et spa \\u00e0 domicile - Bonifacio | BELEZZA CASA\",\"isPartOf\":{\"@id\":\"http:\/\/localhost\/#website\"},\"primaryImageOfPage\":{\"@id\":\"https:\/\/www.belezza.fr\/fr\/casa\/#primaryimage\"},\"datePublished\":\"2020-05-24T21:36:41+00:00\",\"dateModified\":\"2024-04-04T21:29:16+00:00\",\"description\":\"By M\\u00e9lina. Les services du salon et spa rien que pour vous. Pour un mariage, sur yacht, \\u00e0 votre villas, plage, \\u2026 M\\u00e9lina vous chouchoute \\u00e0 domicile !\",\"breadcrumb\":{\"@id\":\"https:\/\/www.belezza.fr\/fr\/casa\/#breadcrumb\"},\"inLanguage\":\"fr-FR\",\"potentialAction\":[{\"@type\":\"ReadAction\",\"target\":[\"https:\/\/www.belezza.fr\/fr\/casa\/\"]}]},{\"@type\":\"BreadcrumbList\",\"@id\":\"https:\/\/www.belezza.fr\/fr\/casa\/#breadcrumb\",\"itemListElement\":[{\"@type\":\"ListItem\",\"position\":1,\"item\":{\"@type\":\"WebPage\",\"@id\":\"https:\/\/www.belezza.fr\/fr\/\",\"url\":\"https:\/\/www.belezza.fr\/fr\/\",\"name\":\"Home\"}},{\"@type\":\"ListItem\",\"position\":2,\"item\":{\"@type\":\"WebPage\",\"@id\":\"https:\/\/www.belezza.fr\/fr\/casa\/\",\"url\":\"https:\/\/www.belezza.fr\/fr\/casa\/\",\"name\":\"Mariage, salon et spa \\u00e0 domicile\"}}]}]}<\/script>\n<!-- \/ Yoast SEO plugin. -->","_links":{"self":[{"href":"https:\/\/www.belezza.fr\/fr\/wp-json\/wp\/v2\/pages\/27"}],"collection":[{"href":"https:\/\/www.belezza.fr\/fr\/wp-json\/wp\/v2\/pages"}],"about":[{"href":"https:\/\/www.belezza.fr\/fr\/wp-json\/wp\/v2\/types\/page"}],"author":[{"embeddable":true,"href":"https:\/\/www.belezza.fr\/fr\/wp-json\/wp\/v2\/users\/1"}],"replies":[{"embeddable":true,"href":"https:\/\/www.belezza.fr\/fr\/wp-json\/wp\/v2\/comments?post=27"}],"version-history":[{"count":93,"href":"https:\/\/www.belezza.fr\/fr\/wp-json\/wp\/v2\/pages\/27\/revisions"}],"predecessor-version":[{"id":1772,"href":"https:\/\/www.belezza.fr\/fr\/wp-json\/wp\/v2\/pages\/27\/revisions\/1772"}],"wp:attachment":[{"href":"https:\/\/www.belezza.fr\/fr\/wp-json\/wp\/v2\/media?parent=27"}],"curies":[{"name":"wp","href":"https:\/\/api.w.org\/{rel}","templated":true}]}}