{"id":16,"date":"2020-05-24T23:16:22","date_gmt":"2020-05-24T21:16:22","guid":{"rendered":"https:\/\/www.belezza.fr\/?page_id=16"},"modified":"2024-04-04T23:16:00","modified_gmt":"2024-04-04T21:16:00","slug":"coiffure","status":"publish","type":"page","link":"https:\/\/www.belezza.fr\/fr\/lieu-intimiste-bonifacio\/coiffure\/","title":{"rendered":"Notre Salon"},"content":{"rendered":"\t\t<div data-elementor-type=\"wp-page\" data-elementor-id=\"16\" class=\"elementor elementor-16\" data-elementor-settings=\"[]\">\n\t\t\t\t\t\t<div class=\"elementor-inner\">\n\t\t\t\t\t\t\t<div class=\"elementor-section-wrap\">\n\t\t\t\t\t\t\t<section class=\"elementor-section elementor-top-section elementor-element elementor-element-6ce3038a elementor-section-full_width elementor-section-height-default elementor-section-height-default\" data-id=\"6ce3038a\" data-element_type=\"section\">\n\t\t\t\t\t\t<div class=\"elementor-container elementor-column-gap-no\">\n\t\t\t\t\t\t\t<div class=\"elementor-row\">\n\t\t\t\t\t<div class=\"elementor-column elementor-col-100 elementor-top-column elementor-element elementor-element-30dd4e1f\" data-id=\"30dd4e1f\" data-element_type=\"column\">\n\t\t\t<div class=\"elementor-column-wrap elementor-element-populated\">\n\t\t\t\t\t\t\t<div class=\"elementor-widget-wrap\">\n\t\t\t\t\t\t<div class=\"elementor-element elementor-element-324ea5f1 elementor--h-position-center elementor--v-position-middle elementor-arrows-position-inside elementor-pagination-position-inside elementor-widget elementor-widget-slides\" data-id=\"324ea5f1\" data-element_type=\"widget\" data-settings=\"{&quot;navigation&quot;:&quot;both&quot;,&quot;autoplay&quot;:&quot;yes&quot;,&quot;pause_on_hover&quot;:&quot;yes&quot;,&quot;pause_on_interaction&quot;:&quot;yes&quot;,&quot;autoplay_speed&quot;:5000,&quot;infinite&quot;:&quot;yes&quot;,&quot;transition&quot;:&quot;slide&quot;,&quot;transition_speed&quot;:500}\" data-widget_type=\"slides.default\">\n\t\t\t\t<div class=\"elementor-widget-container\">\n\t\t\t\t\t<div class=\"elementor-swiper\">\n\t\t\t<div class=\"elementor-slides-wrapper elementor-main-swiper swiper-container\" dir=\"ltr\" data-animation=\"fadeInUp\">\n\t\t\t\t<div class=\"swiper-wrapper elementor-slides\">\n\t\t\t\t\t<div class=\"elementor-repeater-item-dce9fed swiper-slide\"><div class=\"swiper-slide-bg\"><\/div><div class=\"elementor-background-overlay\"><\/div><div class=\"swiper-slide-inner\" ><div class=\"swiper-slide-contents\"><div class=\"elementor-slide-heading\">Simplicit\u00e9 et puret\u00e9.<\/div><\/div><\/div><\/div>\t\t\t\t<\/div>\n\t\t\t\t\t\t\t<\/div>\n\t\t<\/div>\n\t\t\t\t<\/div>\n\t\t\t\t<\/div>\n\t\t\t\t\t\t<\/div>\n\t\t\t\t\t<\/div>\n\t\t<\/div>\n\t\t\t\t\t\t\t\t<\/div>\n\t\t\t\t\t<\/div>\n\t\t<\/section>\n\t\t\t\t<section class=\"elementor-section elementor-top-section elementor-element elementor-element-171aba4d belezza-section belezza-icon elementor-section-boxed elementor-section-height-default elementor-section-height-default\" data-id=\"171aba4d\" data-element_type=\"section\" data-settings=\"{&quot;background_background&quot;:&quot;classic&quot;}\">\n\t\t\t\t\t\t<div class=\"elementor-container elementor-column-gap-no\">\n\t\t\t\t\t\t\t<div class=\"elementor-row\">\n\t\t\t\t\t<div class=\"elementor-column elementor-col-100 elementor-top-column elementor-element elementor-element-63305eaa\" data-id=\"63305eaa\" data-element_type=\"column\">\n\t\t\t<div class=\"elementor-column-wrap elementor-element-populated\">\n\t\t\t\t\t\t\t<div class=\"elementor-widget-wrap\">\n\t\t\t\t\t\t<div class=\"elementor-element elementor-element-31210b00 elementor-widget elementor-widget-heading\" data-id=\"31210b00\" data-element_type=\"widget\" data-widget_type=\"heading.default\">\n\t\t\t\t<div class=\"elementor-widget-container\">\n\t\t\t<h1 class=\"elementor-heading-title elementor-size-default\">salon DE COIFFURE Belezza<\/h1>\t\t<\/div>\n\t\t\t\t<\/div>\n\t\t\t\t<div class=\"elementor-element elementor-element-5808f795 elementor-widget elementor-widget-text-editor\" data-id=\"5808f795\" data-element_type=\"widget\" data-widget_type=\"text-editor.default\">\n\t\t\t\t<div class=\"elementor-widget-container\">\n\t\t\t\t\t<div class=\"elementor-text-editor elementor-clearfix\"><p><b>Nous accordons une attention particuli\u00e8re au soin du cuir chevelu et des cheveux, recherchons avant tout le naturel en privil\u00e9giant la simplicit\u00e9 et la puret\u00e9 afin de faire ressortir le meilleur de vous-m\u00eame.<\/b><\/p><p>Riche de nos diverses <strong>exp\u00e9riences<\/strong> dans les <strong>plus beaux salons de la capitale<\/strong>, les d\u00e9fil\u00e9s de mode ou les plateaux t\u00e9l\u00e9, <strong>nous partageons<\/strong>, aujourd\u2019hui, <strong>notre savoir-faire avec vous<\/strong>.<br \/>En perp\u00e9tuelle qu\u00eate de nouveaut\u00e9, <strong>nous nous formons r\u00e9guli\u00e8rement<\/strong> aux nouvelles techniques afin de vous <strong>proposer les derni\u00e8res tendances en vogue<\/strong> dont toutes les c\u00e9l\u00e9brit\u00e9s parlent.<\/p><\/div>\n\t\t\t\t<\/div>\n\t\t\t\t<\/div>\n\t\t\t\t<section class=\"elementor-section elementor-inner-section elementor-element elementor-element-aeebaa9 elementor-section-boxed elementor-section-height-default elementor-section-height-default\" data-id=\"aeebaa9\" data-element_type=\"section\">\n\t\t\t\t\t\t<div class=\"elementor-container elementor-column-gap-default\">\n\t\t\t\t\t\t\t<div class=\"elementor-row\">\n\t\t\t\t\t<div class=\"elementor-column elementor-col-100 elementor-inner-column elementor-element elementor-element-8a32f7e\" data-id=\"8a32f7e\" data-element_type=\"column\">\n\t\t\t<div class=\"elementor-column-wrap elementor-element-populated\">\n\t\t\t\t\t\t\t<div class=\"elementor-widget-wrap\">\n\t\t\t\t\t\t<div class=\"elementor-element elementor-element-856d216 elementor-widget__width-auto elementor-widget elementor-widget-global elementor-global-1621 elementor-widget-button\" data-id=\"856d216\" data-element_type=\"widget\" data-widget_type=\"button.default\">\n\t\t\t\t<div class=\"elementor-widget-container\">\n\t\t\t\t\t<div class=\"elementor-button-wrapper\">\n\t\t\t<a href=\"\/lieu-intimiste-bonifacio\/prendre-rendez-vous\/\" class=\"elementor-button-link elementor-button elementor-size-sm\" role=\"button\">\n\t\t\t\t\t\t<span class=\"elementor-button-content-wrapper\">\n\t\t\t\t\t\t<span class=\"elementor-button-text\">Prendre rendez-vous<\/span>\n\t\t<\/span>\n\t\t\t\t\t<\/a>\n\t\t<\/div>\n\t\t\t\t<\/div>\n\t\t\t\t<\/div>\n\t\t\t\t<div class=\"elementor-element elementor-element-739b529 elementor-widget__width-auto elementor-widget elementor-widget-global elementor-global-1668 elementor-widget-button\" data-id=\"739b529\" data-element_type=\"widget\" data-widget_type=\"button.default\">\n\t\t\t\t<div class=\"elementor-widget-container\">\n\t\t\t\t\t<div class=\"elementor-button-wrapper\">\n\t\t\t<a href=\"\/app\/uploads\/2020\/06\/carte_salon.pdf\" class=\"elementor-button-link elementor-button elementor-size-sm\" role=\"button\">\n\t\t\t\t\t\t<span class=\"elementor-button-content-wrapper\">\n\t\t\t\t\t\t<span class=\"elementor-button-text\">T\u00e9l\u00e9charger la carte<\/span>\n\t\t<\/span>\n\t\t\t\t\t<\/a>\n\t\t<\/div>\n\t\t\t\t<\/div>\n\t\t\t\t<\/div>\n\t\t\t\t\t\t<\/div>\n\t\t\t\t\t<\/div>\n\t\t<\/div>\n\t\t\t\t\t\t\t\t<\/div>\n\t\t\t\t\t<\/div>\n\t\t<\/section>\n\t\t\t\t<div class=\"elementor-element elementor-element-1389dd65 elementor-blockquote--skin-quotation elementor-blockquote--align-center elementor-blockquote--button-color-official elementor-widget elementor-widget-blockquote\" data-id=\"1389dd65\" data-element_type=\"widget\" data-widget_type=\"blockquote.default\">\n\t\t\t\t<div class=\"elementor-widget-container\">\n\t\t\t\t\t<blockquote class=\"elementor-blockquote\">\n\t\t\t<p class=\"elementor-blockquote__content\">\n\t\t\t\tPersonne n\u2019est jeune apr\u00e8s 40 ans, mais on peut \u00eatre irr\u00e9sistible \u00e0 tout \u00e2ge\t\t\t<\/p>\n\t\t\t\t\t\t\t<footer>\n\t\t\t\t\t\t\t\t\t\t\t<cite class=\"elementor-blockquote__author\">Coco Chanel<\/cite>\n\t\t\t\t\t\t\t\t\t\t\t\t\t\t<\/footer>\n\t\t\t\t\t<\/blockquote>\n\t\t\t\t<\/div>\n\t\t\t\t<\/div>\n\t\t\t\t\t\t<\/div>\n\t\t\t\t\t<\/div>\n\t\t<\/div>\n\t\t\t\t\t\t\t\t<\/div>\n\t\t\t\t\t<\/div>\n\t\t<\/section>\n\t\t\t\t<section class=\"elementor-section elementor-top-section elementor-element elementor-element-d8e76a5 belezza-section belezza-icon elementor-section-boxed elementor-section-height-default elementor-section-height-default\" data-id=\"d8e76a5\" data-element_type=\"section\" data-settings=\"{&quot;background_background&quot;:&quot;classic&quot;}\">\n\t\t\t\t\t\t<div class=\"elementor-container elementor-column-gap-default\">\n\t\t\t\t\t\t\t<div class=\"elementor-row\">\n\t\t\t\t\t<div class=\"elementor-column elementor-col-100 elementor-top-column elementor-element elementor-element-9b01c48\" data-id=\"9b01c48\" data-element_type=\"column\">\n\t\t\t<div class=\"elementor-column-wrap elementor-element-populated\">\n\t\t\t\t\t\t\t<div class=\"elementor-widget-wrap\">\n\t\t\t\t\t\t<div class=\"elementor-element elementor-element-2a5f94f elementor-widget elementor-widget-gallery\" data-id=\"2a5f94f\" data-element_type=\"widget\" data-settings=\"{&quot;columns_tablet&quot;:4,&quot;columns_mobile&quot;:2,&quot;aspect_ratio&quot;:&quot;1:1&quot;,&quot;lazyload&quot;:&quot;yes&quot;,&quot;gallery_layout&quot;:&quot;grid&quot;,&quot;columns&quot;:4,&quot;gap&quot;:{&quot;unit&quot;:&quot;px&quot;,&quot;size&quot;:10,&quot;sizes&quot;:[]},&quot;gap_tablet&quot;:{&quot;unit&quot;:&quot;px&quot;,&quot;size&quot;:10,&quot;sizes&quot;:[]},&quot;gap_mobile&quot;:{&quot;unit&quot;:&quot;px&quot;,&quot;size&quot;:10,&quot;sizes&quot;:[]},&quot;link_to&quot;:&quot;file&quot;,&quot;overlay_background&quot;:&quot;yes&quot;,&quot;content_hover_animation&quot;:&quot;fade-in&quot;}\" data-widget_type=\"gallery.default\">\n\t\t\t\t<div class=\"elementor-widget-container\">\n\t\t\t\t\t<div class=\"elementor-gallery__container\">\n\t\t\t\t\t\t\t<a class=\"e-gallery-item elementor-gallery-item elementor-animated-content\" href=\"https:\/\/www.belezza.fr\/app\/uploads\/2021\/05\/IMG_0189.jpeg\" data-elementor-open-lightbox=\"yes\" data-elementor-lightbox-slideshow=\"all-2a5f94f\" data-elementor-lightbox-title=\"IMG_0189\">\n\t\t\t\t\t<div class=\"e-gallery-image elementor-gallery-item__image\" data-thumbnail=\"https:\/\/www.belezza.fr\/app\/uploads\/2021\/05\/IMG_0189-576x576.jpeg\" data-width=\"576\" data-height=\"576\" alt=\"\" ><\/div>\n\t\t\t\t\t\t\t\t\t\t<div class=\"elementor-gallery-item__overlay\"><\/div>\n\t\t\t\t\t\t\t\t\t\t\t\t\t\t<\/a>\n\t\t\t\t\t\t\t<a class=\"e-gallery-item elementor-gallery-item elementor-animated-content\" href=\"https:\/\/www.belezza.fr\/app\/uploads\/2021\/05\/IMG_9387-scaled.jpeg\" data-elementor-open-lightbox=\"yes\" data-elementor-lightbox-slideshow=\"all-2a5f94f\" data-elementor-lightbox-title=\"IMG_9387\">\n\t\t\t\t\t<div class=\"e-gallery-image elementor-gallery-item__image\" data-thumbnail=\"https:\/\/www.belezza.fr\/app\/uploads\/2021\/05\/IMG_9387-576x576.jpeg\" data-width=\"576\" data-height=\"576\" alt=\"\" ><\/div>\n\t\t\t\t\t\t\t\t\t\t<div class=\"elementor-gallery-item__overlay\"><\/div>\n\t\t\t\t\t\t\t\t\t\t\t\t\t\t<\/a>\n\t\t\t\t\t\t\t<a class=\"e-gallery-item elementor-gallery-item elementor-animated-content\" href=\"https:\/\/www.belezza.fr\/app\/uploads\/2021\/05\/IMG_9685-scaled.jpeg\" data-elementor-open-lightbox=\"yes\" data-elementor-lightbox-slideshow=\"all-2a5f94f\" data-elementor-lightbox-title=\"IMG_9685\">\n\t\t\t\t\t<div class=\"e-gallery-image elementor-gallery-item__image\" data-thumbnail=\"https:\/\/www.belezza.fr\/app\/uploads\/2021\/05\/IMG_9685-576x576.jpeg\" data-width=\"576\" data-height=\"576\" alt=\"\" ><\/div>\n\t\t\t\t\t\t\t\t\t\t<div class=\"elementor-gallery-item__overlay\"><\/div>\n\t\t\t\t\t\t\t\t\t\t\t\t\t\t<\/a>\n\t\t\t\t\t\t\t<a class=\"e-gallery-item elementor-gallery-item elementor-animated-content\" href=\"https:\/\/www.belezza.fr\/app\/uploads\/2021\/05\/IMG_9736-scaled.jpeg\" data-elementor-open-lightbox=\"yes\" data-elementor-lightbox-slideshow=\"all-2a5f94f\" data-elementor-lightbox-title=\"IMG_9736\">\n\t\t\t\t\t<div class=\"e-gallery-image elementor-gallery-item__image\" data-thumbnail=\"https:\/\/www.belezza.fr\/app\/uploads\/2021\/05\/IMG_9736-576x576.jpeg\" data-width=\"576\" data-height=\"576\" alt=\"\" ><\/div>\n\t\t\t\t\t\t\t\t\t\t<div class=\"elementor-gallery-item__overlay\"><\/div>\n\t\t\t\t\t\t\t\t\t\t\t\t\t\t<\/a>\n\t\t\t\t\t\t\t<a class=\"e-gallery-item elementor-gallery-item elementor-animated-content\" href=\"https:\/\/www.belezza.fr\/app\/uploads\/2021\/05\/IMG_9733-scaled.jpeg\" data-elementor-open-lightbox=\"yes\" data-elementor-lightbox-slideshow=\"all-2a5f94f\" data-elementor-lightbox-title=\"IMG_9733\">\n\t\t\t\t\t<div class=\"e-gallery-image elementor-gallery-item__image\" data-thumbnail=\"https:\/\/www.belezza.fr\/app\/uploads\/2021\/05\/IMG_9733-576x576.jpeg\" data-width=\"576\" data-height=\"576\" alt=\"\" ><\/div>\n\t\t\t\t\t\t\t\t\t\t<div class=\"elementor-gallery-item__overlay\"><\/div>\n\t\t\t\t\t\t\t\t\t\t\t\t\t\t<\/a>\n\t\t\t\t\t<\/div>\n\t\t\t<\/div>\n\t\t\t\t<\/div>\n\t\t\t\t\t\t<\/div>\n\t\t\t\t\t<\/div>\n\t\t<\/div>\n\t\t\t\t\t\t\t\t<\/div>\n\t\t\t\t\t<\/div>\n\t\t<\/section>\n\t\t\t\t<section class=\"elementor-section elementor-top-section elementor-element elementor-element-3f3ba7fb belezza-section elementor-section-boxed elementor-section-height-default elementor-section-height-default\" data-id=\"3f3ba7fb\" data-element_type=\"section\" data-settings=\"{&quot;background_background&quot;:&quot;classic&quot;}\">\n\t\t\t\t\t\t<div class=\"elementor-container elementor-column-gap-no\">\n\t\t\t\t\t\t\t<div class=\"elementor-row\">\n\t\t\t\t\t<div class=\"elementor-column elementor-col-100 elementor-top-column elementor-element elementor-element-569c255\" data-id=\"569c255\" data-element_type=\"column\">\n\t\t\t<div class=\"elementor-column-wrap elementor-element-populated\">\n\t\t\t\t\t\t\t<div class=\"elementor-widget-wrap\">\n\t\t\t\t\t\t<div class=\"elementor-element elementor-element-c1a7e1b elementor-hidden-desktop elementor-hidden-tablet elementor-hidden-phone elementor-widget elementor-widget-heading\" data-id=\"c1a7e1b\" data-element_type=\"widget\" data-widget_type=\"heading.default\">\n\t\t\t\t<div class=\"elementor-widget-container\">\n\t\t\t<h2 class=\"elementor-heading-title elementor-size-default\">Notre s\u00e9lection de marques.<\/h2>\t\t<\/div>\n\t\t\t\t<\/div>\n\t\t\t\t<div class=\"elementor-element elementor-element-5605e67 elementor-widget elementor-widget-text-editor\" data-id=\"5605e67\" data-element_type=\"widget\" data-widget_type=\"text-editor.default\">\n\t\t\t\t<div class=\"elementor-widget-container\">\n\t\t\t\t\t<div class=\"elementor-text-editor elementor-clearfix\"><p>Afin de toujours mieux vous satisfaire, nous cherchons l\u2019excellence dans chaque domaine, <br \/>ces marques s&rsquo;unissent pour r\u00e9pondre \u00e0 nos exigences :<\/p><\/div>\n\t\t\t\t<\/div>\n\t\t\t\t<\/div>\n\t\t\t\t<div class=\"elementor-element elementor-element-7ebb1a3 elementor-position-left elementor-vertical-align-middle elementor-widget elementor-widget-image-box\" data-id=\"7ebb1a3\" data-element_type=\"widget\" data-widget_type=\"image-box.default\">\n\t\t\t\t<div class=\"elementor-widget-container\">\n\t\t\t<div class=\"elementor-image-box-wrapper\"><figure class=\"elementor-image-box-img\"><img width=\"297\" height=\"141\" src=\"https:\/\/www.belezza.fr\/app\/uploads\/2020\/06\/redken_noir.png\" class=\"attachment-full size-full\" alt=\"\" loading=\"lazy\" \/><\/figure><div class=\"elementor-image-box-content\"><p class=\"elementor-image-box-description\">C\u2019est une marque New-Yorkaise, cr\u00e9\u00e9e par l\u2019actrice am\u00e9ricaine Paula Kent en collaboration avec son coiffeur afin de d\u00e9velopper une gamme de produits fonctionnels, non irritants, ayant une action favorable sur le cuir chevelu et les cheveux. Les produits colorants sont sans ammoniaque et enrichis en prot\u00e9ines pour prot\u00e9ger et nourrir le cheveu de l\u2019int\u00e9rieur gr\u00e2ce \u00e0 son syst\u00e8me exclusif brevet\u00e9.<\/p><\/div><\/div>\t\t<\/div>\n\t\t\t\t<\/div>\n\t\t\t\t<div class=\"elementor-element elementor-element-9392ec5 elementor-position-left elementor-vertical-align-middle elementor-widget elementor-widget-image-box\" data-id=\"9392ec5\" data-element_type=\"widget\" data-widget_type=\"image-box.default\">\n\t\t\t\t<div class=\"elementor-widget-container\">\n\t\t\t<div class=\"elementor-image-box-wrapper\"><figure class=\"elementor-image-box-img\"><img width=\"297\" height=\"141\" src=\"https:\/\/www.belezza.fr\/app\/uploads\/2020\/06\/shuemura_noir.png\" class=\"attachment-full size-full\" alt=\"\" loading=\"lazy\" \/><\/figure><div class=\"elementor-image-box-content\"><p class=\"elementor-image-box-description\">C\u2019est une marque de soins capillaires traitants, personnalis\u00e9s, et de produits de coiffage formul\u00e9s \u00e0 partir d\u2019ingr\u00e9dients naturels, rares et pr\u00e9cieux tels que l\u2019huile de rosier muscat, l\u2019huile d\u2019argan ou l\u2019huile de cam\u00e9lia. N\u00e9e de la philosophie de Monsieur Shu Uemura et de son exp\u00e9rience professionnelle,  le Ma\u00eetre Japonais l\u2019homme qui a fait de la beaut\u00e9 un art. L\u2019ultra luxe \u00e0 la japonaise : \u00e0 l\u2019instar de la c\u00e9r\u00e9monie japonaise du th\u00e9, la marque propose des c\u00e9r\u00e9monies de beaut\u00e9 du cheveu qui font \u00e9cho \u00e0 la c\u00e9r\u00e9monie du th\u00e9 au Japon et<\/p><\/div><\/div>\t\t<\/div>\n\t\t\t\t<\/div>\n\t\t\t\t<div class=\"elementor-element elementor-element-1d560bf elementor-position-left elementor-vertical-align-middle elementor-widget elementor-widget-image-box\" data-id=\"1d560bf\" data-element_type=\"widget\" data-widget_type=\"image-box.default\">\n\t\t\t\t<div class=\"elementor-widget-container\">\n\t\t\t<div class=\"elementor-image-box-wrapper\"><figure class=\"elementor-image-box-img\"><img width=\"297\" height=\"141\" src=\"https:\/\/www.belezza.fr\/app\/uploads\/2020\/06\/tokio_noir.png\" class=\"attachment-full size-full\" alt=\"\" loading=\"lazy\" \/><\/figure><div class=\"elementor-image-box-content\"><p class=\"elementor-image-box-description\">C\u2019est un soin r\u00e9parateur et r\u00e9g\u00e9n\u00e9rant professionnel d\u2019une efficacit\u00e9 absolue. Les traitements successifs assurent une r\u00e9paration profonde et une protection intense des cheveux aux diff\u00e9rents facteurs d\u2019agression jusqu\u2019\u00e0 8 semaines. Soin capillaire haute technologie sa formulation est unique, et contient six sortes de k\u00e9ratines et des acides amin\u00e9s, dont la limnanthe, un actif v\u00e9g\u00e9tal \u00e0 l\u2019effet gainant durable, et le Fuller\u00e8ne, un actif au pouvoir hautement p\u00e9n\u00e9trant sans source de chaleur. D\u00e9velopp\u00e9 pour soigner les cheveux agress\u00e9s par l\u2019usage quotidien d\u2019un fer \u00e0 lisser, d\u00e9vitalis\u00e9s par des traitements chimiques : colorations, d\u00e9coloration, m\u00e8ches, un lissage, d\u00e9frisage dont il compense les effets agressifs, Tokio Inkarami sublime \u00e9galement les cheveux en pleine sant\u00e9. Le soin Tokio Inkarami peut \u00eatre pratiqu\u00e9 imm\u00e9diatement apr\u00e8s une couleur dont il prolonge la tenue, un balayage dont il renforce l\u2019\u00e9clat.\n\n\n<\/p><\/div><\/div>\t\t<\/div>\n\t\t\t\t<\/div>\n\t\t\t\t\t\t<\/div>\n\t\t\t\t\t<\/div>\n\t\t<\/div>\n\t\t\t\t\t\t\t\t<\/div>\n\t\t\t\t\t<\/div>\n\t\t<\/section>\n\t\t\t\t\t\t<\/div>\n\t\t\t\t\t\t<\/div>\n\t\t\t\t\t<\/div>\n\t\t","protected":false},"excerpt":{"rendered":"<p>Simplicit\u00e9 et puret\u00e9. salon DE COIFFURE Belezza Nous accordons une attention particuli\u00e8re au soin du cuir chevelu et des cheveux, recherchons avant tout le naturel en privil\u00e9giant la simplicit\u00e9 et la puret\u00e9 afin de faire ressortir le meilleur de vous-m\u00eame. Riche de nos diverses exp\u00e9riences dans les plus beaux salons de la capitale, les d\u00e9fil\u00e9s [&hellip;]<\/p>\n","protected":false},"author":1,"featured_media":0,"parent":12,"menu_order":0,"comment_status":"closed","ping_status":"closed","template":"","meta":[],"yoast_head":"<!-- This site is optimized with the Yoast SEO plugin v16.0.2 - https:\/\/yoast.com\/wordpress\/plugins\/seo\/ -->\n<title>Notre Salon - Bonifacio | BELEZZA Salon &amp; SPA<\/title>\n<meta name=\"description\" content=\"Avec une attention particuli\u00e8re au soin du cuir chevelu, nous recherchons le naturel et la puret\u00e9 pour faire ressortir le meilleur de vous-m\u00eame.\" \/>\n<link rel=\"canonical\" href=\"https:\/\/www.belezza.fr\/fr\/lieu-intimiste-bonifacio\/coiffure\/\" \/>\n<meta property=\"og:locale\" content=\"fr_FR\" \/>\n<meta property=\"og:type\" content=\"article\" \/>\n<meta property=\"og:title\" content=\"Notre Salon - Bonifacio | BELEZZA Salon &amp; SPA\" \/>\n<meta property=\"og:description\" content=\"Avec une attention particuli\u00e8re au soin du cuir chevelu, nous recherchons le naturel et la puret\u00e9 pour faire ressortir le meilleur de vous-m\u00eame.\" \/>\n<meta property=\"og:url\" content=\"https:\/\/www.belezza.fr\/fr\/lieu-intimiste-bonifacio\/coiffure\/\" \/>\n<meta property=\"og:site_name\" content=\"Bonifacio | BELEZZA\" \/>\n<meta property=\"article:publisher\" content=\"https:\/\/www.facebook.com\/BelezzaBonifacio\/\" \/>\n<meta property=\"article:modified_time\" content=\"2024-04-04T21:16:00+00:00\" \/>\n<meta property=\"og:image\" content=\"https:\/\/www.belezza.fr\/app\/uploads\/2020\/06\/redken_noir.png?_t=1712265360\" \/>\n<meta name=\"twitter:card\" content=\"summary_large_image\" \/>\n<meta name=\"twitter:label1\" content=\"Dur\u00e9e de lecture est.\">\n\t<meta name=\"twitter:data1\" content=\"3 minutes\">\n<script type=\"application\/ld+json\" class=\"yoast-schema-graph\">{\"@context\":\"https:\/\/schema.org\",\"@graph\":[{\"@type\":\"WebSite\",\"@id\":\"http:\/\/localhost\/#website\",\"url\":\"http:\/\/localhost\/\",\"name\":\"Bonifacio | BELEZZA\",\"description\":\"Belezza, coiffure \\u00e0 domicile,Salon de coiffure, spa et institut de beaut\\u00e9 situ\\u00e9s \\u00e0 Bonifacio, Corse\",\"potentialAction\":[{\"@type\":\"SearchAction\",\"target\":\"http:\/\/localhost\/?s={search_term_string}\",\"query-input\":\"required name=search_term_string\"}],\"inLanguage\":\"fr-FR\"},{\"@type\":\"ImageObject\",\"@id\":\"https:\/\/www.belezza.fr\/fr\/lieu-intimiste-bonifacio\/coiffure\/#primaryimage\",\"inLanguage\":\"fr-FR\",\"url\":\"https:\/\/www.belezza.fr\/app\/uploads\/2020\/06\/redken_noir.png?_t=1712265360\"},{\"@type\":\"WebPage\",\"@id\":\"https:\/\/www.belezza.fr\/fr\/lieu-intimiste-bonifacio\/coiffure\/#webpage\",\"url\":\"https:\/\/www.belezza.fr\/fr\/lieu-intimiste-bonifacio\/coiffure\/\",\"name\":\"Notre Salon - Bonifacio | BELEZZA Salon & SPA\",\"isPartOf\":{\"@id\":\"http:\/\/localhost\/#website\"},\"primaryImageOfPage\":{\"@id\":\"https:\/\/www.belezza.fr\/fr\/lieu-intimiste-bonifacio\/coiffure\/#primaryimage\"},\"datePublished\":\"2020-05-24T21:16:22+00:00\",\"dateModified\":\"2024-04-04T21:16:00+00:00\",\"description\":\"Avec une attention particuli\\u00e8re au soin du cuir chevelu, nous recherchons le naturel et la puret\\u00e9 pour faire ressortir le meilleur de vous-m\\u00eame.\",\"breadcrumb\":{\"@id\":\"https:\/\/www.belezza.fr\/fr\/lieu-intimiste-bonifacio\/coiffure\/#breadcrumb\"},\"inLanguage\":\"fr-FR\",\"potentialAction\":[{\"@type\":\"ReadAction\",\"target\":[\"https:\/\/www.belezza.fr\/fr\/lieu-intimiste-bonifacio\/coiffure\/\"]}]},{\"@type\":\"BreadcrumbList\",\"@id\":\"https:\/\/www.belezza.fr\/fr\/lieu-intimiste-bonifacio\/coiffure\/#breadcrumb\",\"itemListElement\":[{\"@type\":\"ListItem\",\"position\":1,\"item\":{\"@type\":\"WebPage\",\"@id\":\"https:\/\/www.belezza.fr\/fr\/\",\"url\":\"https:\/\/www.belezza.fr\/fr\/\",\"name\":\"Home\"}},{\"@type\":\"ListItem\",\"position\":2,\"item\":{\"@type\":\"WebPage\",\"@id\":\"https:\/\/www.belezza.fr\/fr\/\",\"url\":\"https:\/\/www.belezza.fr\/fr\/\",\"name\":\"Coiffure, esth\\u00e9tique, beaut\\u00e9 et soins du corps\"}},{\"@type\":\"ListItem\",\"position\":3,\"item\":{\"@type\":\"WebPage\",\"@id\":\"https:\/\/www.belezza.fr\/fr\/lieu-intimiste-bonifacio\/coiffure\/\",\"url\":\"https:\/\/www.belezza.fr\/fr\/lieu-intimiste-bonifacio\/coiffure\/\",\"name\":\"Notre Salon\"}}]}]}<\/script>\n<!-- \/ Yoast SEO plugin. -->","_links":{"self":[{"href":"https:\/\/www.belezza.fr\/fr\/wp-json\/wp\/v2\/pages\/16"}],"collection":[{"href":"https:\/\/www.belezza.fr\/fr\/wp-json\/wp\/v2\/pages"}],"about":[{"href":"https:\/\/www.belezza.fr\/fr\/wp-json\/wp\/v2\/types\/page"}],"author":[{"embeddable":true,"href":"https:\/\/www.belezza.fr\/fr\/wp-json\/wp\/v2\/users\/1"}],"replies":[{"embeddable":true,"href":"https:\/\/www.belezza.fr\/fr\/wp-json\/wp\/v2\/comments?post=16"}],"version-history":[{"count":125,"href":"https:\/\/www.belezza.fr\/fr\/wp-json\/wp\/v2\/pages\/16\/revisions"}],"predecessor-version":[{"id":1759,"href":"https:\/\/www.belezza.fr\/fr\/wp-json\/wp\/v2\/pages\/16\/revisions\/1759"}],"up":[{"embeddable":true,"href":"https:\/\/www.belezza.fr\/fr\/wp-json\/wp\/v2\/pages\/12"}],"wp:attachment":[{"href":"https:\/\/www.belezza.fr\/fr\/wp-json\/wp\/v2\/media?parent=16"}],"curies":[{"name":"wp","href":"https:\/\/api.w.org\/{rel}","templated":true}]}}