{"id":1187,"date":"2021-04-01T13:44:03","date_gmt":"2021-04-01T11:44:03","guid":{"rendered":"https:\/\/www.belezza.fr\/beauty-salon-bonifacio\/contact-us\/"},"modified":"2021-04-01T13:44:04","modified_gmt":"2021-04-01T11:44:04","slug":"contact-us","status":"publish","type":"page","link":"https:\/\/www.belezza.fr\/en\/beauty-salon-bonifacio\/contact-us\/","title":{"rendered":"Contact us"},"content":{"rendered":"\t\t<div data-elementor-type=\"wp-page\" data-elementor-id=\"1187\" class=\"elementor elementor-1187 elementor-24\" data-elementor-settings=\"[]\">\n\t\t\t\t\t\t<div class=\"elementor-inner\">\n\t\t\t\t\t\t\t<div class=\"elementor-section-wrap\">\n\t\t\t\t\t\t\t<section class=\"elementor-section elementor-top-section elementor-element elementor-element-30d3cc0 elementor-section-full_width elementor-section-content-middle belezza-section elementor-section-height-default elementor-section-height-default\" data-id=\"30d3cc0\" data-element_type=\"section\" id=\"belezza-spa-section\" data-settings=\"{&quot;background_background&quot;:&quot;classic&quot;}\">\n\t\t\t\t\t\t<div class=\"elementor-container elementor-column-gap-default\">\n\t\t\t\t\t\t\t<div class=\"elementor-row\">\n\t\t\t\t\t<div class=\"elementor-column elementor-col-100 elementor-top-column elementor-element elementor-element-fa0b006\" data-id=\"fa0b006\" data-element_type=\"column\">\n\t\t\t<div class=\"elementor-column-wrap elementor-element-populated\">\n\t\t\t\t\t\t\t<div class=\"elementor-widget-wrap\">\n\t\t\t\t\t\t<section class=\"elementor-section elementor-inner-section elementor-element elementor-element-4a025ba elementor-section-content-middle elementor-section-boxed elementor-section-height-default elementor-section-height-default\" data-id=\"4a025ba\" data-element_type=\"section\" id=\"belezza-form-inner-section\">\n\t\t\t\t\t\t<div class=\"elementor-container elementor-column-gap-no\">\n\t\t\t\t\t\t\t<div class=\"elementor-row\">\n\t\t\t\t\t<div class=\"elementor-column elementor-col-50 elementor-inner-column elementor-element elementor-element-37df4c6\" data-id=\"37df4c6\" data-element_type=\"column\" data-settings=\"{&quot;background_background&quot;:&quot;classic&quot;}\">\n\t\t\t<div class=\"elementor-column-wrap elementor-element-populated\">\n\t\t\t\t\t\t\t<div class=\"elementor-widget-wrap\">\n\t\t\t\t\t\t<div class=\"elementor-element elementor-element-1a48e44 elementor-position-left elementor-vertical-align-middle elementor-widget elementor-widget-image-box\" data-id=\"1a48e44\" data-element_type=\"widget\" data-widget_type=\"image-box.default\">\n\t\t\t\t<div class=\"elementor-widget-container\">\n\t\t\t<div class=\"elementor-image-box-wrapper\"><figure class=\"elementor-image-box-img\"><img width=\"270\" height=\"40\" src=\"https:\/\/www.belezza.fr\/app\/uploads\/2020\/06\/belezza-logo-black.png\" class=\"attachment-full size-full\" alt=\"\" loading=\"lazy\" \/><\/figure><div class=\"elementor-image-box-content\"><p class=\"elementor-image-box-description\"><a href=\"https:\/\/g.page\/BelezzaBonifacio?share\" target=\"_blank\">Les Palmiers <br \/>Port de Plaisance <br \/>20169 BONIFACIO <br \/><\/a>9h-20h | <a href=\"tel:\/\/+33495731109\">04.95.73.11.09<\/a><\/p><\/div><\/div>\t\t<\/div>\n\t\t\t\t<\/div>\n\t\t\t\t<div class=\"elementor-element elementor-element-b9b9d8f elementor-widget elementor-widget-oew-wpforms\" data-id=\"b9b9d8f\" data-element_type=\"widget\" data-widget_type=\"oew-wpforms.default\">\n\t\t\t\t<div class=\"elementor-widget-container\">\n\t\t\t<div class=\"wpforms-container wpforms-container-full\" id=\"wpforms-255\"><form id=\"wpforms-form-255\" class=\"wpforms-validate wpforms-form wpforms-ajax-form\" data-formid=\"255\" method=\"post\" enctype=\"multipart\/form-data\" action=\"\/en\/wp-json\/wp\/v2\/pages\/1187\" data-token=\"b5176c323f9eff219e22bf9904863d0a\"><noscript class=\"wpforms-error-noscript\">Please enable JavaScript in your browser to complete this form.<\/noscript><div class=\"wpforms-field-container\"><div id=\"wpforms-255-field_1-container\" class=\"wpforms-field wpforms-field-email\" data-field-id=\"1\"><label class=\"wpforms-field-label wpforms-label-hide\" for=\"wpforms-255-field_1\">Email <span class=\"wpforms-required-label\">*<\/span><\/label><input type=\"email\" id=\"wpforms-255-field_1\" class=\"wpforms-field-large wpforms-field-required\" name=\"wpforms[fields][1]\" placeholder=\"Your email address\" required><\/div><div id=\"wpforms-255-field_5-container\" class=\"wpforms-field wpforms-field-text\" data-field-id=\"5\"><label class=\"wpforms-field-label wpforms-label-hide\" for=\"wpforms-255-field_5\">Phone<\/label><input type=\"text\" id=\"wpforms-255-field_5\" class=\"wpforms-field-large\" name=\"wpforms[fields][5]\" placeholder=\"Phone\" ><\/div><div id=\"wpforms-255-field_2-container\" class=\"wpforms-field wpforms-field-textarea\" data-field-id=\"2\"><label class=\"wpforms-field-label wpforms-label-hide\" for=\"wpforms-255-field_2\">Your message <span class=\"wpforms-required-label\">*<\/span><\/label><textarea id=\"wpforms-255-field_2\" class=\"wpforms-field-medium wpforms-field-required\" name=\"wpforms[fields][2]\" placeholder=\"Your message\" required><\/textarea><\/div><div id=\"wpforms-255-field_3-container\" class=\"wpforms-field wpforms-field-gdpr-checkbox\" data-field-id=\"3\"><label class=\"wpforms-field-label\" for=\"wpforms-255-field_3\">GDPR Agreement <span class=\"wpforms-required-label\">*<\/span><\/label><ul id=\"wpforms-255-field_3\" class=\"wpforms-field-required\"><li class=\"choice-1\"><input type=\"checkbox\" id=\"wpforms-255-field_3_1\" name=\"wpforms[fields][3][]\" value=\"I consent to this site storing my submitted information so that they can respond to my request.\" required ><label class=\"wpforms-field-label-inline\" for=\"wpforms-255-field_3_1\">I consent to this site storing my submitted information so that they can respond to my request.<\/label><\/li><\/ul><div class=\"wpforms-field-description\">I have read the <a href=\"\/fr\/mentions-legales\" target=\"_blank\"> legal mentions <\/a> and I accept the <a href = \"\/fr\/politique-de-confidentialite\" target = \"_blank\"> Privacy policy <\/a>.<\/div><\/div><\/div><div class=\"wpforms-field wpforms-field-hp\"><label for=\"wpforms-255-field-hp\" class=\"wpforms-field-label\">Message<\/label><input type=\"text\" name=\"wpforms[hp]\" id=\"wpforms-255-field-hp\" class=\"wpforms-field-medium\"><\/div><div class=\"wpforms-recaptcha-container wpforms-is-recaptcha\" ><div class=\"g-recaptcha\" data-sitekey=\"6LcJSIEaAAAAAGWJAmUadIDuoEx-ta9E1tYvKO5f\"><\/div><input type=\"text\" name=\"g-recaptcha-hidden\" class=\"wpforms-recaptcha-hidden\" style=\"position:absolute!important;clip:rect(0,0,0,0)!important;height:1px!important;width:1px!important;border:0!important;overflow:hidden!important;padding:0!important;margin:0!important;\" required><\/div><div class=\"wpforms-submit-container\" ><input type=\"hidden\" name=\"wpforms[id]\" value=\"255\"><input type=\"hidden\" name=\"wpforms[author]\" value=\"1\"><button type=\"submit\" name=\"wpforms[submit]\" class=\"wpforms-submit \" id=\"wpforms-submit-255\" value=\"wpforms-submit\" aria-live=\"assertive\" data-alt-text=\"Sending ... \" data-submit-text=\"Send\">Send<\/button><img loading=\"lazy\" src=\"https:\/\/www.belezza.fr\/app\/plugins\/wpforms-lite\/assets\/images\/submit-spin.svg\" class=\"wpforms-submit-spinner\" style=\"display: none;\" width=\"26\" height=\"26\" alt=\"\"><\/div><\/form><\/div>  <!-- .wpforms-container -->\t\t<\/div>\n\t\t\t\t<\/div>\n\t\t\t\t\t\t<\/div>\n\t\t\t\t\t<\/div>\n\t\t<\/div>\n\t\t\t\t<div class=\"elementor-column elementor-col-50 elementor-inner-column elementor-element elementor-element-813d856 elementor-hidden-tablet elementor-hidden-phone\" data-id=\"813d856\" data-element_type=\"column\">\n\t\t\t<div class=\"elementor-column-wrap\">\n\t\t\t\t\t\t\t<div class=\"elementor-widget-wrap\">\n\t\t\t\t\t\t\t\t<\/div>\n\t\t\t\t\t<\/div>\n\t\t<\/div>\n\t\t\t\t\t\t\t\t<\/div>\n\t\t\t\t\t<\/div>\n\t\t<\/section>\n\t\t\t\t\t\t<\/div>\n\t\t\t\t\t<\/div>\n\t\t<\/div>\n\t\t\t\t\t\t\t\t<\/div>\n\t\t\t\t\t<\/div>\n\t\t<\/section>\n\t\t\t\t\t\t<\/div>\n\t\t\t\t\t\t<\/div>\n\t\t\t\t\t<\/div>\n\t\t","protected":false},"excerpt":{"rendered":"<p>Les Palmiers Port de Plaisance 20169 BONIFACIO 9h-20h | 04.95.73.11.09 Veuillez activer JavaScript dans votre navigateur pour remplir ce formulaire.Email *T\u00e9l\u00e9phoneVotre message *Accord RGPD * Je consens \u00e0 ce que ce site stocke mes informations envoy\u00e9es afin qu\u2019ils puissent r\u00e9pondre \u00e0 ma requ\u00eate. J&#8217;ai lu les mentions l\u00e9gales et j&#8217;accepte les R\u00e8gles de confidentialit\u00e9.MessageEnvoyer<\/p>\n","protected":false},"author":1,"featured_media":0,"parent":417,"menu_order":0,"comment_status":"closed","ping_status":"closed","template":"","meta":[],"yoast_head":"<!-- This site is optimized with the Yoast SEO plugin v16.0.2 - https:\/\/yoast.com\/wordpress\/plugins\/seo\/ -->\n<title>Contact us - Bonifacio | BELEZZA Salon &amp; SPA<\/title>\n<meta name=\"description\" content=\"You have a question ? Do not hesitate to contact us !\" \/>\n<link rel=\"canonical\" href=\"https:\/\/www.belezza.fr\/en\/beauty-salon-bonifacio\/contact-us\/\" \/>\n<meta property=\"og:locale\" content=\"en_US\" \/>\n<meta property=\"og:type\" content=\"article\" \/>\n<meta property=\"og:title\" content=\"Contact us - Bonifacio | BELEZZA Salon &amp; SPA\" \/>\n<meta property=\"og:description\" content=\"You have a question ? Do not hesitate to contact us !\" \/>\n<meta property=\"og:url\" content=\"https:\/\/www.belezza.fr\/en\/beauty-salon-bonifacio\/contact-us\/\" \/>\n<meta property=\"og:site_name\" content=\"Bonifacio | BELEZZA\" \/>\n<meta property=\"article:publisher\" content=\"https:\/\/www.facebook.com\/BelezzaBonifacio\/\" \/>\n<meta property=\"article:modified_time\" content=\"2021-04-01T11:44:04+00:00\" \/>\n<meta property=\"og:image\" content=\"https:\/\/www.belezza.fr\/app\/uploads\/2020\/06\/belezza-logo-black.png?_t=1617277443\" \/>\n<meta name=\"twitter:card\" content=\"summary_large_image\" \/>\n<script type=\"application\/ld+json\" class=\"yoast-schema-graph\">{\"@context\":\"https:\/\/schema.org\",\"@graph\":[{\"@type\":\"WebSite\",\"@id\":\"http:\/\/localhost\/#website\",\"url\":\"http:\/\/localhost\/\",\"name\":\"Bonifacio | BELEZZA\",\"description\":\"Belezza, hairdressing at home, hairdressing salon, spa and beauty institute located in Bonifacio, Corsica\",\"potentialAction\":[{\"@type\":\"SearchAction\",\"target\":\"http:\/\/localhost\/?s={search_term_string}\",\"query-input\":\"required name=search_term_string\"}],\"inLanguage\":\"en-US\"},{\"@type\":\"ImageObject\",\"@id\":\"https:\/\/www.belezza.fr\/en\/beauty-salon-bonifacio\/contact-us\/#primaryimage\",\"inLanguage\":\"en-US\",\"url\":\"https:\/\/www.belezza.fr\/app\/uploads\/2020\/06\/belezza-logo-black.png?_t=1617277443\"},{\"@type\":\"WebPage\",\"@id\":\"https:\/\/www.belezza.fr\/en\/beauty-salon-bonifacio\/contact-us\/#webpage\",\"url\":\"https:\/\/www.belezza.fr\/en\/beauty-salon-bonifacio\/contact-us\/\",\"name\":\"Contact us - Bonifacio | BELEZZA Salon & SPA\",\"isPartOf\":{\"@id\":\"http:\/\/localhost\/#website\"},\"primaryImageOfPage\":{\"@id\":\"https:\/\/www.belezza.fr\/en\/beauty-salon-bonifacio\/contact-us\/#primaryimage\"},\"datePublished\":\"2021-04-01T11:44:03+00:00\",\"dateModified\":\"2021-04-01T11:44:04+00:00\",\"description\":\"You have a question ? Do not hesitate to contact us !\",\"breadcrumb\":{\"@id\":\"https:\/\/www.belezza.fr\/en\/beauty-salon-bonifacio\/contact-us\/#breadcrumb\"},\"inLanguage\":\"en-US\",\"potentialAction\":[{\"@type\":\"ReadAction\",\"target\":[\"https:\/\/www.belezza.fr\/en\/beauty-salon-bonifacio\/contact-us\/\"]}]},{\"@type\":\"BreadcrumbList\",\"@id\":\"https:\/\/www.belezza.fr\/en\/beauty-salon-bonifacio\/contact-us\/#breadcrumb\",\"itemListElement\":[{\"@type\":\"ListItem\",\"position\":1,\"item\":{\"@type\":\"WebPage\",\"@id\":\"https:\/\/www.belezza.fr\/en\/\",\"url\":\"https:\/\/www.belezza.fr\/en\/\",\"name\":\"Home\"}},{\"@type\":\"ListItem\",\"position\":2,\"item\":{\"@type\":\"WebPage\",\"@id\":\"https:\/\/www.belezza.fr\/en\/\",\"url\":\"https:\/\/www.belezza.fr\/en\/\",\"name\":\"Hairdresser, Beauty Salon &#038; Spa\"}},{\"@type\":\"ListItem\",\"position\":3,\"item\":{\"@type\":\"WebPage\",\"@id\":\"https:\/\/www.belezza.fr\/en\/beauty-salon-bonifacio\/contact-us\/\",\"url\":\"https:\/\/www.belezza.fr\/en\/beauty-salon-bonifacio\/contact-us\/\",\"name\":\"Contact us\"}}]}]}<\/script>\n<!-- \/ Yoast SEO plugin. -->","_links":{"self":[{"href":"https:\/\/www.belezza.fr\/en\/wp-json\/wp\/v2\/pages\/1187"}],"collection":[{"href":"https:\/\/www.belezza.fr\/en\/wp-json\/wp\/v2\/pages"}],"about":[{"href":"https:\/\/www.belezza.fr\/en\/wp-json\/wp\/v2\/types\/page"}],"author":[{"embeddable":true,"href":"https:\/\/www.belezza.fr\/en\/wp-json\/wp\/v2\/users\/1"}],"replies":[{"embeddable":true,"href":"https:\/\/www.belezza.fr\/en\/wp-json\/wp\/v2\/comments?post=1187"}],"version-history":[{"count":1,"href":"https:\/\/www.belezza.fr\/en\/wp-json\/wp\/v2\/pages\/1187\/revisions"}],"predecessor-version":[{"id":1188,"href":"https:\/\/www.belezza.fr\/en\/wp-json\/wp\/v2\/pages\/1187\/revisions\/1188"}],"up":[{"embeddable":true,"href":"https:\/\/www.belezza.fr\/en\/wp-json\/wp\/v2\/pages\/417"}],"wp:attachment":[{"href":"https:\/\/www.belezza.fr\/en\/wp-json\/wp\/v2\/media?parent=1187"}],"curies":[{"name":"wp","href":"https:\/\/api.w.org\/{rel}","templated":true}]}}